{"id":54625,"date":"2024-03-28T15:47:56","date_gmt":"2024-03-28T12:47:56","guid":{"rendered":"https:\/\/tpiexports.com\/product\/porte-interieure-en-pvc\/"},"modified":"2024-05-02T16:44:57","modified_gmt":"2024-05-02T13:44:57","slug":"porte-interieure-en-pvc","status":"publish","type":"product","link":"https:\/\/tpiexports.com\/fr\/produit\/porte-interieure-en-pvc\/","title":{"rendered":"Porte int\u00e9rieure en PVC"},"content":{"rendered":"<p><strong>D\u00e9couvrez la polyvalence et l&rsquo;\u00e9l\u00e9gance de notre collection compl\u00e8te de portes int\u00e9rieures.<\/strong><\/p>\n<p>Transformez vos espaces gr\u00e2ce \u00e0 notre gamme polyvalente de portes int\u00e9rieures, con\u00e7ues pour s&rsquo;int\u00e9grer parfaitement \u00e0 tous les styles architecturaux, du minimalisme moderne \u00e0 l&rsquo;\u00e9l\u00e9gance traditionnelle. Qu&rsquo;il s&rsquo;agisse de r\u00e9nover votre maison ou de moderniser votre bureau, notre collection assure la rencontre de la fonctionnalit\u00e9 et du style, permettant une int\u00e9gration harmonieuse dans n&rsquo;importe quel environnement.<\/p>\n<p><strong>Un choix vari\u00e9 de designs :<\/strong> Notre vaste assortiment offre une vari\u00e9t\u00e9 de styles de portes, y compris du bois massif pour un aspect classique, des panneaux de verre contemporains pour une touche moderne, et du PVC robuste pour une grande durabilit\u00e9. Les motifs vont de dessins g\u00e9om\u00e9triques sophistiqu\u00e9s, comme le verre Baklava, \u00e0 des panneaux affleurants simples mais \u00e9l\u00e9gants, r\u00e9pondant \u00e0 la fois aux pr\u00e9f\u00e9rences esth\u00e9tiques et aux besoins sp\u00e9cifiques en mati\u00e8re d&rsquo;intimit\u00e9.<\/p>\n<p><strong>Mat\u00e9riaux de haute qualit\u00e9 :<\/strong> Choisissez parmi des mat\u00e9riaux de qualit\u00e9 sup\u00e9rieure tels que le bois massif, les mat\u00e9riaux composites, le PVC et le verre. Chaque mat\u00e9riau est s\u00e9lectionn\u00e9 pour sa durabilit\u00e9, son esth\u00e9tique et sa r\u00e9sistance aux facteurs environnementaux tels que l&rsquo;humidit\u00e9 et les changements de temp\u00e9rature. Ces mat\u00e9riaux garantissent la long\u00e9vit\u00e9 et conservent leur \u00e9tat au fil du temps, ce qui r\u00e9duit la n\u00e9cessit\u00e9 de les remplacer.<\/p>\n<p><strong>Options personnalisables :<\/strong> Nous savons qu&rsquo;il n&rsquo;y a pas deux espaces identiques. Nos portes sont disponibles en diff\u00e9rentes tailles, mat\u00e9riaux et finitions, et peuvent \u00eatre personnalis\u00e9es pour r\u00e9pondre \u00e0 des mesures pr\u00e9cises et \u00e0 des pr\u00e9f\u00e9rences de style. Cette personnalisation s&rsquo;\u00e9tend aux choix de quincaillerie, ce qui vous permet de cr\u00e9er un look coh\u00e9rent qui compl\u00e8te votre d\u00e9cor existant.<\/p>\n<p><strong>Protection de la vie priv\u00e9e et contr\u00f4le de la lumi\u00e8re :<\/strong> Nos portes r\u00e9pondent \u00e0 toute une s\u00e9rie de besoins en mati\u00e8re d&rsquo;intimit\u00e9 et d&rsquo;\u00e9clairage. Choisissez des portes enti\u00e8rement opaques pour une intimit\u00e9 maximale ou s\u00e9lectionnez diff\u00e9rentes options de verre, y compris d\u00e9poli et teint\u00e9, pour permettre \u00e0 la lumi\u00e8re naturelle d&rsquo;am\u00e9liorer vos environnements int\u00e9rieurs tout en pr\u00e9servant l&rsquo;intimit\u00e9.<\/p>\n<p><strong>Responsabilit\u00e9 environnementale :<\/strong> Nombre de nos portes sont fabriqu\u00e9es \u00e0 partir de mat\u00e9riaux issus du d\u00e9veloppement durable et selon des proc\u00e9d\u00e9s respectueux de l&rsquo;environnement. En choisissant ces options, vous soutenez la durabilit\u00e9 environnementale et vous int\u00e9grez des \u00e9l\u00e9ments respectueux de l&rsquo;environnement dans votre conception.<\/p>\n<p><strong>Facilit\u00e9 d&rsquo;entretien :<\/strong> Nos portes int\u00e9rieures sont con\u00e7ues pour ne n\u00e9cessiter que peu d&rsquo;entretien. Un nettoyage r\u00e9gulier suffit \u00e0 pr\u00e9server leur apparence. Les directives d&rsquo;entretien varient selon les mat\u00e9riaux, mais elles impliquent g\u00e9n\u00e9ralement des proc\u00e9dures de nettoyage simples, sans recours \u00e0 des produits chimiques agressifs.<\/p>\n<p><strong>Simplicit\u00e9 d&rsquo;installation :<\/strong> Con\u00e7ues \u00e0 la fois pour les installateurs professionnels et les bricoleurs, nos portes sont accompagn\u00e9es d&rsquo;instructions d\u00e9taill\u00e9es pour une installation facile. Cela garantit un ajustement parfait et une fonctionnalit\u00e9 optimale, qu&rsquo;il s&rsquo;agisse d&rsquo;une r\u00e9novation compl\u00e8te ou d&rsquo;une mise \u00e0 jour rapide.<\/p>\n<p><strong>Efficacit\u00e9 \u00e9nerg\u00e9tique et isolation phonique :<\/strong> Nos portes ne se contentent pas de rehausser l&rsquo;attrait visuel, elles contribuent \u00e9galement \u00e0 l&rsquo;efficacit\u00e9 \u00e9nerg\u00e9tique et \u00e0 l&rsquo;isolation phonique. Des portes correctement install\u00e9es peuvent contribuer \u00e0 r\u00e9duire les co\u00fbts de chauffage et de climatisation en emp\u00eachant les fuites d&rsquo;air et en att\u00e9nuant les bruits qui circulent entre les pi\u00e8ces, offrant ainsi un environnement plus silencieux et plus confortable.<\/p>\n<p><strong>Choisir la bonne porte int\u00e9rieure :<\/strong><\/p>\n<ul>\n<li><strong>La fonctionnalit\u00e9 d&rsquo;abord :<\/strong> Consid\u00e9rez le r\u00f4le de la porte dans votre espace. Pour les zones tr\u00e8s fr\u00e9quent\u00e9es, la durabilit\u00e9 est essentielle. Dans les espaces o\u00f9 l&rsquo;isolation acoustique est importante, choisissez des portes plus \u00e9paisses et solides.<\/li>\n<li><strong>Harmonie esth\u00e9tique :<\/strong> Assortissez le style de la porte \u00e0 la d\u00e9coration de votre pi\u00e8ce pour un look unifi\u00e9 et \u00e9l\u00e9gant. Pensez \u00e0 choisir des couleurs de porte et des mat\u00e9riaux qui s&rsquo;harmonisent avec votre mobilier et votre rev\u00eatement de sol.<\/li>\n<li><strong>Pr\u00e9cision des dimensions :<\/strong> Veillez \u00e0 prendre les mesures exactes de votre porte afin d&rsquo;\u00e9viter tout probl\u00e8me de dimensionnement lors de l&rsquo;installation.<\/li>\n<\/ul>\n<p><strong>Tendances actuelles en mati\u00e8re de d\u00e9coration int\u00e9rieure :<\/strong> Se tenir au courant des tendances en mati\u00e8re de design peut influencer le choix des portes. Les tendances actuelles privil\u00e9gient les designs minimalistes aux lignes \u00e9pur\u00e9es et les mat\u00e9riaux naturels qui refl\u00e8tent les pratiques \u00e9cologiques. L&rsquo;int\u00e9gration d&rsquo;\u00e9l\u00e9ments tels que du bois r\u00e9cup\u00e9r\u00e9 ou des portes en mat\u00e9riaux composites avanc\u00e9s peut r\u00e9pondre \u00e0 des objectifs \u00e0 la fois esth\u00e9tiques et environnementaux.<\/p>\n<p><strong>Mettez en valeur chaque pi\u00e8ce :<\/strong> Une porte int\u00e9rieure est plus qu&rsquo;une barri\u00e8re fonctionnelle ; elle encadre l&rsquo;entr\u00e9e d&rsquo;une pi\u00e8ce et influe sur la fa\u00e7on dont l&rsquo;espace est per\u00e7u et ressenti. Gr\u00e2ce \u00e0 notre gamme vari\u00e9e de styles et de mat\u00e9riaux, vous trouverez la porte id\u00e9ale pour am\u00e9liorer l&rsquo;utilit\u00e9 et l&rsquo;esth\u00e9tique de chaque pi\u00e8ce.<\/p>\n<p><strong>Investissez dans la qualit\u00e9 et le style :<\/strong> Nos portes int\u00e9rieures offrent un \u00e9quilibre id\u00e9al entre qualit\u00e9, performance et style. Am\u00e9liorez votre espace d\u00e8s aujourd&rsquo;hui et d\u00e9couvrez la diff\u00e9rence qu&rsquo;une porte int\u00e9rieure bien choisie peut faire.<\/p>\n","protected":false},"excerpt":{"rendered":"<p>Dimension de la moulure : 90*210*14 cm<\/p>\n<p>Mod\u00e8le interne:PVC MDF<\/p>\n<p>Isolation : Avec couverture plastique \/ EPS<\/p>\n<p>\u0131nter\u0131or porte<\/p>\n<p>&nbsp;<\/p>\n","protected":false},"featured_media":52863,"comment_status":"open","ping_status":"closed","template":"","meta":[],"product_cat":[212],"product_tag":[],"class_list":{"0":"post-54625","1":"product","2":"type-product","3":"status-publish","4":"has-post-thumbnail","6":"product_cat-porte-interieure","8":"first","9":"instock","10":"sale","11":"taxable","12":"shipping-taxable","13":"purchasable","14":"product-type-simple"},"_links":{"self":[{"href":"https:\/\/tpiexports.com\/fr\/wp-json\/wp\/v2\/product\/54625","targetHints":{"allow":["GET"]}}],"collection":[{"href":"https:\/\/tpiexports.com\/fr\/wp-json\/wp\/v2\/product"}],"about":[{"href":"https:\/\/tpiexports.com\/fr\/wp-json\/wp\/v2\/types\/product"}],"replies":[{"embeddable":true,"href":"https:\/\/tpiexports.com\/fr\/wp-json\/wp\/v2\/comments?post=54625"}],"version-history":[{"count":0,"href":"https:\/\/tpiexports.com\/fr\/wp-json\/wp\/v2\/product\/54625\/revisions"}],"wp:featuredmedia":[{"embeddable":true,"href":"https:\/\/tpiexports.com\/fr\/wp-json\/wp\/v2\/media\/52863"}],"wp:attachment":[{"href":"https:\/\/tpiexports.com\/fr\/wp-json\/wp\/v2\/media?parent=54625"}],"wp:term":[{"taxonomy":"product_cat","embeddable":true,"href":"https:\/\/tpiexports.com\/fr\/wp-json\/wp\/v2\/product_cat?post=54625"},{"taxonomy":"product_tag","embeddable":true,"href":"https:\/\/tpiexports.com\/fr\/wp-json\/wp\/v2\/product_tag?post=54625"}],"curies":[{"name":"wp","href":"https:\/\/api.w.org\/{rel}","templated":true}]}}