{"id":54696,"date":"2024-03-29T14:44:19","date_gmt":"2024-03-29T11:44:19","guid":{"rendered":"https:\/\/tpiexports.com\/product\/douche-matrix-d222a\/"},"modified":"2024-05-02T16:43:29","modified_gmt":"2024-05-02T13:43:29","slug":"douche-matrix-d222a","status":"publish","type":"product","link":"https:\/\/tpiexports.com\/fr\/produit\/douche-matrix-d222a\/","title":{"rendered":"Douche -Matrix D222A"},"content":{"rendered":"<p><strong>D\u00e9couvrez notre vaste collection de solutions de douche haut de gamme<\/strong><\/p>\n<p>Transformez votre salle de bains en un sanctuaire de confort et de style gr\u00e2ce \u00e0 notre gamme vari\u00e9e d&rsquo;options de douche. Que vous souhaitiez r\u00e9nover votre maison ou moderniser une installation commerciale, nos douches allient un design innovant \u00e0 des fonctionnalit\u00e9s pratiques pour s&rsquo;adapter \u00e0 toutes les esth\u00e9tiques et r\u00e9pondre \u00e0 tous les besoins.<\/p>\n<p><strong>Un design \u00e9l\u00e9gant et des options personnalisables :<\/strong> Notre collection de douches pr\u00e9sente une grande vari\u00e9t\u00e9 de designs, des cabines de douche \u00e9l\u00e9gantes sans cadre aux mod\u00e8les traditionnels avec cadre. Choisissez parmi une gamme de styles de portes, notamment coulissantes, \u00e0 charni\u00e8res et pliantes, pour optimiser l&rsquo;espace de votre salle de bains et am\u00e9liorer l&rsquo;accessibilit\u00e9. Chaque douche est disponible en plusieurs finitions, du chrome classique au noir mat moderne, ce qui vous permet de personnaliser votre salle de bains en fonction de vos go\u00fbts personnels et du d\u00e9cor existant.<\/p>\n<p><strong>Des mat\u00e9riaux de qualit\u00e9 sup\u00e9rieure pour une long\u00e9vit\u00e9 et une durabilit\u00e9 accrues :<\/strong> Fabriqu\u00e9es \u00e0 partir de mat\u00e9riaux de haute qualit\u00e9 tels que le verre de s\u00e9curit\u00e9 tremp\u00e9 et l&rsquo;aluminium r\u00e9sistant \u00e0 la corrosion, nos douches sont con\u00e7ues pour r\u00e9sister aux rigueurs d&rsquo;une utilisation quotidienne tout en conservant leur beaut\u00e9. Les panneaux de verre sont trait\u00e9s avec des rev\u00eatements anticalcaires et antitaches pour faciliter le nettoyage et garantir qu&rsquo;ils restent clairs et sans taches pendant des ann\u00e9es.<\/p>\n<p><strong>Efficacit\u00e9 de l&rsquo;eau avanc\u00e9e :<\/strong> Nos douches sont con\u00e7ues pour \u00e9conomiser l&rsquo;eau, avec des t\u00eates de douche \u00e9cologiques qui r\u00e9duisent la consommation d&rsquo;eau sans compromettre les performances. Cette technologie vous permet de profiter d&rsquo;une douche luxueuse tout en \u00e9conomisant l&rsquo;eau et en r\u00e9duisant vos factures d&rsquo;\u00e9lectricit\u00e9.<\/p>\n<p><strong>Des fonctions th\u00e9rapeutiques pour une relaxation ultime :<\/strong> Certains mod\u00e8les de notre gamme sont dot\u00e9s de fonctions avanc\u00e9es telles que des jets pour le corps, des pommes de douche \u00e0 effet de pluie et des capacit\u00e9s de vapeur qui transforment votre douche quotidienne en une luxueuse exp\u00e9rience de spa. Ces caract\u00e9ristiques permettent de d\u00e9tendre les muscles, d&rsquo;apaiser le stress et d&rsquo;am\u00e9liorer votre bien-\u00eatre g\u00e9n\u00e9ral.<\/p>\n<p><strong>S\u00e9curit\u00e9 et accessibilit\u00e9 :<\/strong> Nous proposons divers dispositifs de s\u00e9curit\u00e9, notamment des sols antid\u00e9rapants, des barres d&rsquo;appui et des options d&rsquo;entr\u00e9e \u00e0 bas seuil, ce qui rend nos douches accessibles \u00e0 tous, y compris aux personnes \u00e0 mobilit\u00e9 r\u00e9duite ou aux familles avec de jeunes enfants.<\/p>\n<p><strong>Installation et entretien faciles :<\/strong> Nos douches sont con\u00e7ues pour \u00eatre install\u00e9es rapidement et facilement, afin de perturber le moins possible votre vie quotidienne. Ils sont \u00e9galement faciles \u00e0 entretenir, avec des pi\u00e8ces amovibles et des composants facilement accessibles qui facilitent le nettoyage.<\/p>\n<p><strong>Choisir la bonne douche :<\/strong><\/p>\n<ul>\n<li><strong>Mesurez votre espace :<\/strong> Veillez \u00e0 prendre les mesures exactes de votre salle de bains pour choisir une douche parfaitement adapt\u00e9e.<\/li>\n<li><strong>R\u00e9fl\u00e9chissez \u00e0 vos besoins :<\/strong> Pensez aux personnes qui utiliseront la douche et aux caract\u00e9ristiques importantes, telles que la hauteur du seuil pour faciliter l&rsquo;entr\u00e9e ou des jets suppl\u00e9mentaires pour une exp\u00e9rience de type spa.<\/li>\n<li><strong>Coh\u00e9rence du design :<\/strong> Choisissez une douche qui s&rsquo;harmonise avec le style de votre salle de bains. Que vous souhaitiez un look moderne et minimaliste ou un design plus classique, nous avons des options pour tous les go\u00fbts.<\/li>\n<\/ul>\n<p><strong>Transformez votre salle de bains :<\/strong> Une douche bien choisie peut am\u00e9liorer consid\u00e9rablement la fonctionnalit\u00e9 et l&rsquo;esth\u00e9tique de votre salle de bains. Gr\u00e2ce \u00e0 notre vari\u00e9t\u00e9 de styles et de caract\u00e9ristiques, vous pouvez cr\u00e9er une exp\u00e9rience de bain qui est non seulement rafra\u00eechissante, mais aussi un point central de la conception de votre maison.<\/p>\n<p><strong>Investissez dans la qualit\u00e9 sup\u00e9rieure et l&rsquo;innovation :<\/strong> Optez d\u00e8s aujourd&rsquo;hui pour l&rsquo;une de nos douches haut de gamme et profitez de l&rsquo;\u00e9quilibre parfait entre style, performance et durabilit\u00e9. D\u00e9couvrez chaque jour le summum du luxe dans la salle de bains gr\u00e2ce \u00e0 nos douches con\u00e7ues par des experts, qui r\u00e9pondent \u00e0 vos besoins et d\u00e9passent vos attentes.<\/p>\n","protected":false},"excerpt":{"rendered":"<p>Cabine de douche de haute qualit\u00e9 avec verre transparent de 8 millim\u00e8tres.<\/p>\n<p>douche<\/p>\n<p>&nbsp;<\/p>\n","protected":false},"featured_media":53198,"comment_status":"open","ping_status":"closed","template":"","meta":[],"product_cat":[239],"product_tag":[],"class_list":{"0":"post-54696","1":"product","2":"type-product","3":"status-publish","4":"has-post-thumbnail","6":"product_cat-douche","8":"first","9":"instock","10":"sale","11":"taxable","12":"shipping-taxable","13":"purchasable","14":"product-type-variable"},"_links":{"self":[{"href":"https:\/\/tpiexports.com\/fr\/wp-json\/wp\/v2\/product\/54696","targetHints":{"allow":["GET"]}}],"collection":[{"href":"https:\/\/tpiexports.com\/fr\/wp-json\/wp\/v2\/product"}],"about":[{"href":"https:\/\/tpiexports.com\/fr\/wp-json\/wp\/v2\/types\/product"}],"replies":[{"embeddable":true,"href":"https:\/\/tpiexports.com\/fr\/wp-json\/wp\/v2\/comments?post=54696"}],"version-history":[{"count":0,"href":"https:\/\/tpiexports.com\/fr\/wp-json\/wp\/v2\/product\/54696\/revisions"}],"wp:featuredmedia":[{"embeddable":true,"href":"https:\/\/tpiexports.com\/fr\/wp-json\/wp\/v2\/media\/53198"}],"wp:attachment":[{"href":"https:\/\/tpiexports.com\/fr\/wp-json\/wp\/v2\/media?parent=54696"}],"wp:term":[{"taxonomy":"product_cat","embeddable":true,"href":"https:\/\/tpiexports.com\/fr\/wp-json\/wp\/v2\/product_cat?post=54696"},{"taxonomy":"product_tag","embeddable":true,"href":"https:\/\/tpiexports.com\/fr\/wp-json\/wp\/v2\/product_tag?post=54696"}],"curies":[{"name":"wp","href":"https:\/\/api.w.org\/{rel}","templated":true}]}}