{"id":54975,"date":"2024-03-28T10:38:56","date_gmt":"2024-03-28T07:38:56","guid":{"rendered":"https:\/\/tpiexports.com\/product\/porte-exterieure-en-acier-3\/"},"modified":"2024-05-03T12:05:28","modified_gmt":"2024-05-03T09:05:28","slug":"porte-exterieure-en-acier-3-3","status":"publish","type":"product","link":"https:\/\/tpiexports.com\/fr\/produit\/porte-exterieure-en-acier-3-3\/","title":{"rendered":"Porte ext\u00e9rieure en acier"},"content":{"rendered":"","protected":false},"excerpt":{"rendered":"<p>Dimension de la porte d&rsquo;entr\u00e9e : 90*200 cm<\/p>\n<p>Dimension de la finition du moulage : 110*210*20 cm<\/p>\n<p>Bo\u00eetier m\u00e9tallique r\u00e9glable : 13 &#8211; 20 cm<\/p>\n<p>\u00c9paisseur de la t\u00f4le : 0,8 mm \/ peinte 0,9 mm<\/p>\n<p>Mod\u00e8le ext\u00e9rieur : Ultralam + Embossed (Slatted)<\/p>\n<p>Mod\u00e8le interne:Laminox lisse<\/p>\n<p>Serrure : Syst\u00e8me de verrouillage monobloc<\/p>\n<p>Isolation : Styrofoam \/ EPS<\/p>\n<p>en acier<\/p>\n","protected":false},"featured_media":52569,"comment_status":"open","ping_status":"closed","template":"","meta":[],"product_cat":[241],"product_tag":[],"class_list":{"0":"post-54975","1":"product","2":"type-product","3":"status-publish","4":"has-post-thumbnail","6":"product_cat-porte-exterieure-en-acier","8":"first","9":"instock","10":"sale","11":"taxable","12":"shipping-taxable","13":"purchasable","14":"product-type-simple"},"_links":{"self":[{"href":"https:\/\/tpiexports.com\/fr\/wp-json\/wp\/v2\/product\/54975","targetHints":{"allow":["GET"]}}],"collection":[{"href":"https:\/\/tpiexports.com\/fr\/wp-json\/wp\/v2\/product"}],"about":[{"href":"https:\/\/tpiexports.com\/fr\/wp-json\/wp\/v2\/types\/product"}],"replies":[{"embeddable":true,"href":"https:\/\/tpiexports.com\/fr\/wp-json\/wp\/v2\/comments?post=54975"}],"version-history":[{"count":0,"href":"https:\/\/tpiexports.com\/fr\/wp-json\/wp\/v2\/product\/54975\/revisions"}],"wp:featuredmedia":[{"embeddable":true,"href":"https:\/\/tpiexports.com\/fr\/wp-json\/wp\/v2\/media\/52569"}],"wp:attachment":[{"href":"https:\/\/tpiexports.com\/fr\/wp-json\/wp\/v2\/media?parent=54975"}],"wp:term":[{"taxonomy":"product_cat","embeddable":true,"href":"https:\/\/tpiexports.com\/fr\/wp-json\/wp\/v2\/product_cat?post=54975"},{"taxonomy":"product_tag","embeddable":true,"href":"https:\/\/tpiexports.com\/fr\/wp-json\/wp\/v2\/product_tag?post=54975"}],"curies":[{"name":"wp","href":"https:\/\/api.w.org\/{rel}","templated":true}]}}