{"id":54993,"date":"2024-03-28T10:38:56","date_gmt":"2024-03-28T07:38:56","guid":{"rendered":"https:\/\/tpiexports.com\/product\/porte-exterieure-en-acier-5\/"},"modified":"2024-05-02T16:45:20","modified_gmt":"2024-05-02T13:45:20","slug":"porte-exterieure-en-acier-5-2","status":"publish","type":"product","link":"https:\/\/tpiexports.com\/fr\/produit\/porte-exterieure-en-acier-5-2\/","title":{"rendered":"Porte ext\u00e9rieure en acier"},"content":{"rendered":"<p><strong>D\u00e9couvrez l&rsquo;\u00e9l\u00e9gance robuste de notre collection de portes ext\u00e9rieures haut de gamme<\/strong><\/p>\n<p>Am\u00e9liorez l&rsquo;attrait et la s\u00e9curit\u00e9 de votre maison ou de votre entreprise gr\u00e2ce \u00e0 notre gamme sup\u00e9rieure de portes ext\u00e9rieures. Con\u00e7ues pour allier sophistication esth\u00e9tique et fonctionnalit\u00e9 performante, nos portes garantissent une premi\u00e8re impression saisissante tout en offrant une durabilit\u00e9 et une s\u00e9curit\u00e9 in\u00e9gal\u00e9es.<\/p>\n<p><strong>Un choix vari\u00e9 de designs :<\/strong> Notre collection offre un large \u00e9ventail de styles de portes, du minimalisme moderne au design orn\u00e9 classique. Choisissez des portes en bois massif riches en caract\u00e8re, des portes m\u00e9talliques contemporaines \u00e0 l&rsquo;esth\u00e9tique \u00e9pur\u00e9e ou des portes en fibre de verre \u00e0 haut rendement \u00e9nerg\u00e9tique qui imitent n&rsquo;importe quel mat\u00e9riau. Chaque mod\u00e8le est disponible dans une vari\u00e9t\u00e9 de finitions et de couleurs pour s&rsquo;adapter parfaitement \u00e0 votre style architectural et \u00e0 vos go\u00fbts personnels.<\/p>\n<p><strong>Des mat\u00e9riaux de qualit\u00e9 sup\u00e9rieure pour une durabilit\u00e9 optimale :<\/strong> Fabriqu\u00e9es \u00e0 partir de mat\u00e9riaux de la plus haute qualit\u00e9, nos portes ext\u00e9rieures sont con\u00e7ues pour r\u00e9sister aux conditions climatiques difficiles et \u00e0 l&rsquo;usure du temps. Les options comprennent le bois robuste connu pour sa beaut\u00e9 naturelle et sa r\u00e9sistance, l&rsquo;acier r\u00e9sistant \u00e0 la corrosion id\u00e9al pour la s\u00e9curit\u00e9, et la fibre de verre qui offre une excellente isolation thermique et une grande durabilit\u00e9.<\/p>\n<p><strong>Fonctions de s\u00e9curit\u00e9 avanc\u00e9es :<\/strong> La s\u00e9curit\u00e9 est primordiale lorsqu&rsquo;il s&rsquo;agit de portes ext\u00e9rieures. Nos portes sont \u00e9quip\u00e9es de m\u00e9canismes de verrouillage de pointe, de cadres renforc\u00e9s et de mat\u00e9riaux r\u00e9sistants aux chocs pour vous assurer une tranquillit\u00e9 d&rsquo;esprit et vous prot\u00e9ger contre les effractions. Les options comprennent des serrures intelligentes et des barres de renfort suppl\u00e9mentaires pour renforcer les mesures de s\u00e9curit\u00e9.<\/p>\n<p><strong>Efficacit\u00e9 \u00e9nerg\u00e9tique :<\/strong> Nos portes ext\u00e9rieures sont con\u00e7ues dans un souci d&rsquo;efficacit\u00e9 \u00e9nerg\u00e9tique, avec des coupe-froid et des noyaux isol\u00e9s qui aident \u00e0 maintenir la temp\u00e9rature de votre maison et \u00e0 r\u00e9duire les co\u00fbts \u00e9nerg\u00e9tiques. Des options de double ou triple vitrage sont \u00e9galement disponibles pour am\u00e9liorer l&rsquo;isolation, ce qui les rend parfaits pour les climats extr\u00eames.<\/p>\n<p><strong>Personnalisation pour r\u00e9pondre \u00e0 vos besoins :<\/strong> Nous savons que chaque entr\u00e9e est unique. C&rsquo;est pourquoi nos portes sont personnalisables afin de r\u00e9pondre \u00e0 des exigences sp\u00e9cifiques en mati\u00e8re de taille, de style et de fonctionnalit\u00e9. Que vous ayez besoin d&rsquo;une porte plus large pour l&rsquo;accessibilit\u00e9 ou que vous souhaitiez des panneaux de verre personnalis\u00e9s pour plus de lumi\u00e8re, notre \u00e9quipe peut adapter les solutions \u00e0 vos sp\u00e9cifications.<\/p>\n<p><strong>Installation et entretien :<\/strong> Nos portes ext\u00e9rieures sont con\u00e7ues pour une installation facile, garantissant une adaptation parfaite aux cadres de porte existants et une perturbation minimale pendant le processus d&rsquo;installation. Ils n\u00e9cessitent peu d&rsquo;entretien et sont con\u00e7us pour conserver leur apparence et leur fonctionnalit\u00e9 avec un entretien de base.<\/p>\n<p><strong>Choisir la bonne porte ext\u00e9rieure :<\/strong><\/p>\n<ul>\n<li><strong>Mesurez avec pr\u00e9cision :<\/strong> Des dimensions pr\u00e9cises sont essentielles pour garantir un ajustement correct et \u00e9viter les failles de s\u00e9curit\u00e9.<\/li>\n<li><strong>\u00c9valuez votre climat :<\/strong> Tenez compte du mat\u00e9riau et de la conception en fonction du climat local. Le bois peut \u00eatre parfait pour les r\u00e9gions temp\u00e9r\u00e9es et abrit\u00e9es, tandis que la fibre de verre et l&rsquo;acier conviennent aux conditions climatiques difficiles.<\/li>\n<li><strong>Harmonisation des styles :<\/strong> Choisissez une porte qui rehausse l&rsquo;esth\u00e9tique ext\u00e9rieure de votre maison. Tenez compte du style architectural et de la palette de couleurs pour compl\u00e9ter ou cr\u00e9er un contraste attrayant.<\/li>\n<\/ul>\n<p><strong>Rehaussez l&rsquo;entr\u00e9e de votre maison :<\/strong> Une porte ext\u00e9rieure est plus qu&rsquo;un simple point d&rsquo;entr\u00e9e ; c&rsquo;est une pi\u00e8ce d&rsquo;apparat qui refl\u00e8te votre style et prot\u00e8ge votre maison contre les \u00e9l\u00e9ments et les intrus. Gr\u00e2ce \u00e0 notre gamme vari\u00e9e de styles et de mat\u00e9riaux durables, vous trouverez la porte id\u00e9ale pour renforcer la s\u00e9curit\u00e9 et l&rsquo;attrait de votre maison.<\/p>\n<p><strong>Investissez dans la qualit\u00e9 et le style :<\/strong> Am\u00e9liorez votre propri\u00e9t\u00e9 avec nos portes ext\u00e9rieures de qualit\u00e9 sup\u00e9rieure d\u00e8s aujourd&rsquo;hui et profitez d&rsquo;un m\u00e9lange de s\u00e9curit\u00e9, d&rsquo;efficacit\u00e9 et d&rsquo;attrait esth\u00e9tique. Faites votre choix parmi notre vaste collection pour trouver la porte id\u00e9ale qui r\u00e9pond \u00e0 vos exigences de s\u00e9curit\u00e9 et \u00e0 vos pr\u00e9f\u00e9rences en mati\u00e8re de design.<\/p>\n","protected":false},"excerpt":{"rendered":"<p>Dimension de la porte d&rsquo;entr\u00e9e : 90*200 cm<\/p>\n<p>Dimension de la finition du moulage : 110*210*20 cm<\/p>\n<p>Bo\u00eetier m\u00e9tallique r\u00e9glable : 13 &#8211; 20 cm<\/p>\n<p>\u00c9paisseur de la t\u00f4le : 0,8 mm \/ peinte 0,9 mm<\/p>\n<p>Mod\u00e8le ext\u00e9rieur : Ultralam + Embossed (Slatted)<\/p>\n<p>Mod\u00e8le interne:Laminox lisse<\/p>\n<p>Serrure : Syst\u00e8me de verrouillage monobloc<\/p>\n<p>Isolation : Styrofoam \/ EPS<\/p>\n<p>Porte ext\u00e9rieure<\/p>\n<p>&nbsp;<\/p>\n","protected":false},"featured_media":52573,"comment_status":"open","ping_status":"closed","template":"","meta":[],"product_cat":[241],"product_tag":[],"class_list":{"0":"post-54993","1":"product","2":"type-product","3":"status-publish","4":"has-post-thumbnail","6":"product_cat-porte-exterieure-en-acier","8":"first","9":"instock","10":"sale","11":"taxable","12":"shipping-taxable","13":"purchasable","14":"product-type-simple"},"_links":{"self":[{"href":"https:\/\/tpiexports.com\/fr\/wp-json\/wp\/v2\/product\/54993","targetHints":{"allow":["GET"]}}],"collection":[{"href":"https:\/\/tpiexports.com\/fr\/wp-json\/wp\/v2\/product"}],"about":[{"href":"https:\/\/tpiexports.com\/fr\/wp-json\/wp\/v2\/types\/product"}],"replies":[{"embeddable":true,"href":"https:\/\/tpiexports.com\/fr\/wp-json\/wp\/v2\/comments?post=54993"}],"version-history":[{"count":0,"href":"https:\/\/tpiexports.com\/fr\/wp-json\/wp\/v2\/product\/54993\/revisions"}],"wp:featuredmedia":[{"embeddable":true,"href":"https:\/\/tpiexports.com\/fr\/wp-json\/wp\/v2\/media\/52573"}],"wp:attachment":[{"href":"https:\/\/tpiexports.com\/fr\/wp-json\/wp\/v2\/media?parent=54993"}],"wp:term":[{"taxonomy":"product_cat","embeddable":true,"href":"https:\/\/tpiexports.com\/fr\/wp-json\/wp\/v2\/product_cat?post=54993"},{"taxonomy":"product_tag","embeddable":true,"href":"https:\/\/tpiexports.com\/fr\/wp-json\/wp\/v2\/product_tag?post=54993"}],"curies":[{"name":"wp","href":"https:\/\/api.w.org\/{rel}","templated":true}]}}