{"id":55003,"date":"2024-03-28T12:47:59","date_gmt":"2024-03-28T09:47:59","guid":{"rendered":"https:\/\/tpiexports.com\/product\/hitit-american-interior-door-900x2100\/"},"modified":"2024-05-02T16:44:52","modified_gmt":"2024-05-02T13:44:52","slug":"hitit-american-interior-door-900x2100","status":"publish","type":"product","link":"https:\/\/tpiexports.com\/fr\/produit\/hitit-american-interior-door-900x2100\/","title":{"rendered":"Hitit American Interior Door 900&#215;2100"},"content":{"rendered":"<p><strong>Collection de portes int\u00e9rieures Classic American &#8211; L&rsquo;\u00e9l\u00e9gance au service de la fonctionnalit\u00e9<\/strong><\/p>\n<p>Embrassez le charme intemporel de notre collection de portes int\u00e9rieures Classic American, o\u00f9 l&rsquo;\u00e9l\u00e9gance s&rsquo;allie \u00e0 la fonctionnalit\u00e9 pour donner \u00e0 votre maison une touche de sophistication. Notre collection est sp\u00e9cialement con\u00e7ue pour donner vie \u00e0 la quintessence du style am\u00e9ricain, en offrant un m\u00e9lange harmonieux de qualit\u00e9, de performance et d&rsquo;attrait visuel.<\/p>\n<p><strong>Caract\u00e9ristiques principales :<\/strong><\/p>\n<ul>\n<li>Un <strong>savoir-faire sup\u00e9rieur<\/strong>: Nos portes sont taill\u00e9es dans des bois durs de premi\u00e8re qualit\u00e9, connus pour leur beaut\u00e9 naturelle et leur int\u00e9grit\u00e9 structurelle. Ils sont con\u00e7us pour r\u00e9sister aux flux et reflux de la vie quotidienne tout en conservant leur allure classique.<\/li>\n<li>Des <strong>options de conception polyvalentes<\/strong>: Disponible dans un large \u00e9ventail de designs, des portes \u00e0 six panneaux, toujours populaires, aux portes vitr\u00e9es et aux portes en bois massif, notre collection r\u00e9pond \u00e0 des go\u00fbts et des styles architecturaux vari\u00e9s. Personnalisez-le avec un choix de finitions et de quincailleries pour l&rsquo;assortir parfaitement \u00e0 votre d\u00e9cor.<\/li>\n<li><strong>Isolation acoustique<\/strong>: Con\u00e7ues pour offrir plus qu&rsquo;une simple intimit\u00e9, nos portes offrent une excellente isolation acoustique, cr\u00e9ant ainsi une retraite paisible dans n&rsquo;importe quelle pi\u00e8ce de votre maison.<\/li>\n<li><strong>\u00c9cologique et durable<\/strong>: Les mat\u00e9riaux provenant de sources responsables garantissent que nos portes sont non seulement durables, mais aussi respectueuses de l&rsquo;environnement. Choisissez nos portes int\u00e9rieures am\u00e9ricaines pour un environnement domestique durable.<\/li>\n<li><strong>S\u00e9curit\u00e9 et confidentialit\u00e9<\/strong>: Avec des m\u00e9canismes de verrouillage avanc\u00e9s et des noyaux solides, ces portes ne sont pas seulement esth\u00e9tiques, elles ajoutent une couche suppl\u00e9mentaire de s\u00e9curit\u00e9 et d&rsquo;intimit\u00e9 \u00e0 votre espace.<\/li>\n<li>Un <strong>entretien sans souci<\/strong>: Nos portes sont dot\u00e9es d&rsquo;une finition lisse qui facilite le nettoyage, et leur construction de qualit\u00e9 signifie qu&rsquo;elles resteront belles pendant des ann\u00e9es avec un minimum d&rsquo;entretien.<\/li>\n<\/ul>\n<p>Pour ceux qui appr\u00e9cient la beaut\u00e9 et la durabilit\u00e9 des int\u00e9rieurs am\u00e9ricains traditionnels, notre collection de portes int\u00e9rieures Classic American est le choix id\u00e9al pour compl\u00e9ter et am\u00e9liorer votre espace de vie.<\/p>\n","protected":false},"excerpt":{"rendered":"<p>Dimension de la moulure : 90*210*14 cm<\/p>\n<p>Mod\u00e8le interne:MDF am\u00e9ricain<\/p>\n<p>Isolation : Avec couverture plastique \/ EPS<\/p>\n<p>\u0131porte ext\u00e9rieure<\/p>\n<p>&nbsp;<\/p>\n","protected":false},"featured_media":52838,"comment_status":"open","ping_status":"closed","template":"","meta":[],"product_cat":[212],"product_tag":[],"class_list":{"0":"post-55003","1":"product","2":"type-product","3":"status-publish","4":"has-post-thumbnail","6":"product_cat-porte-interieure","8":"first","9":"instock","10":"sale","11":"taxable","12":"shipping-taxable","13":"purchasable","14":"product-type-simple"},"_links":{"self":[{"href":"https:\/\/tpiexports.com\/fr\/wp-json\/wp\/v2\/product\/55003","targetHints":{"allow":["GET"]}}],"collection":[{"href":"https:\/\/tpiexports.com\/fr\/wp-json\/wp\/v2\/product"}],"about":[{"href":"https:\/\/tpiexports.com\/fr\/wp-json\/wp\/v2\/types\/product"}],"replies":[{"embeddable":true,"href":"https:\/\/tpiexports.com\/fr\/wp-json\/wp\/v2\/comments?post=55003"}],"version-history":[{"count":0,"href":"https:\/\/tpiexports.com\/fr\/wp-json\/wp\/v2\/product\/55003\/revisions"}],"wp:featuredmedia":[{"embeddable":true,"href":"https:\/\/tpiexports.com\/fr\/wp-json\/wp\/v2\/media\/52838"}],"wp:attachment":[{"href":"https:\/\/tpiexports.com\/fr\/wp-json\/wp\/v2\/media?parent=55003"}],"wp:term":[{"taxonomy":"product_cat","embeddable":true,"href":"https:\/\/tpiexports.com\/fr\/wp-json\/wp\/v2\/product_cat?post=55003"},{"taxonomy":"product_tag","embeddable":true,"href":"https:\/\/tpiexports.com\/fr\/wp-json\/wp\/v2\/product_tag?post=55003"}],"curies":[{"name":"wp","href":"https:\/\/api.w.org\/{rel}","templated":true}]}}