{"id":55049,"date":"2024-03-28T10:38:26","date_gmt":"2024-03-28T07:38:26","guid":{"rendered":"https:\/\/tpiexports.com\/product\/porte-exterieure-en-acier-13\/"},"modified":"2024-05-02T16:45:21","modified_gmt":"2024-05-02T13:45:21","slug":"porte-exterieure-en-acier-13-3","status":"publish","type":"product","link":"https:\/\/tpiexports.com\/fr\/produit\/porte-exterieure-en-acier-13-3\/","title":{"rendered":"Porte ext\u00e9rieure en acier"},"content":{"rendered":"<p><strong>Transformez l&rsquo;entr\u00e9e de votre maison avec notre collection de portes ext\u00e9rieures de premi\u00e8re qualit\u00e9<\/strong><\/p>\n<p>Am\u00e9liorez la s\u00e9curit\u00e9 et l&rsquo;attrait de votre maison ou de votre entreprise gr\u00e2ce \u00e0 notre gamme exceptionnelle de portes ext\u00e9rieures. Alliant une fonctionnalit\u00e9 de pointe \u00e0 un attrait esth\u00e9tique in\u00e9gal\u00e9, nos portes sont con\u00e7ues pour faire une premi\u00e8re impression durable, tout en garantissant une durabilit\u00e9 et une s\u00e9curit\u00e9 \u00e9lev\u00e9es.<\/p>\n<p><strong>Une s\u00e9lection vari\u00e9e de designs :<\/strong> Choisissez parmi une vaste gamme de styles dans notre collection, depuis les designs minimalistes modernes et \u00e9l\u00e9gants jusqu&rsquo;aux riches ornements classiques. Notre s\u00e9lection comprend des portes en bois massif qui apportent chaleur et caract\u00e8re, des portes m\u00e9talliques contemporaines pour une touche de modernit\u00e9 et des portes en fibre de verre \u00e0 haut rendement \u00e9nerg\u00e9tique qui reproduisent l&rsquo;aspect des mat\u00e9riaux traditionnels. Chaque option est disponible dans diff\u00e9rentes finitions et couleurs, ce qui vous permet de vous adapter parfaitement \u00e0 votre style architectural.<\/p>\n<p><strong>Mat\u00e9riaux de haute qualit\u00e9 :<\/strong> Fabriqu\u00e9es \u00e0 partir de mat\u00e9riaux de premi\u00e8re qualit\u00e9, nos portes ext\u00e9rieures sont con\u00e7ues pour durer. Les options comprennent :<\/p>\n<ul>\n<li><strong>Bois<\/strong>: connu pour sa beaut\u00e9 naturelle et sa robustesse, il est parfait pour cr\u00e9er une entr\u00e9e chaleureuse et accueillante.<\/li>\n<li><strong>Acier<\/strong>: Excellent pour la s\u00e9curit\u00e9, il est solide et durable.<\/li>\n<li><strong>Fibre de verre<\/strong>: Meilleure pour l&rsquo;isolation et l&rsquo;entretien, r\u00e9sistante aux intemp\u00e9ries et efficace en mati\u00e8re d&rsquo;\u00e9conomie d&rsquo;\u00e9nergie.<\/li>\n<\/ul>\n<p><strong>Caract\u00e9ristiques de s\u00e9curit\u00e9 renforc\u00e9es :<\/strong> Nos portes sont \u00e9quip\u00e9es de m\u00e9canismes de verrouillage avanc\u00e9s et de cadres robustes, ce qui leur conf\u00e8re une protection sup\u00e9rieure. Pour ceux qui recherchent une s\u00e9curit\u00e9 accrue, nous proposons des portes dot\u00e9es de caract\u00e9ristiques am\u00e9lior\u00e9es telles que des serrures multipoints, des charni\u00e8res renforc\u00e9es et des mod\u00e8les r\u00e9sistants aux chocs, qui r\u00e9sistent aux intrus potentiels et aux conditions m\u00e9t\u00e9orologiques extr\u00eames.<\/p>\n<p><strong>Efficacit\u00e9 \u00e9nerg\u00e9tique :<\/strong> Con\u00e7ues pour pr\u00e9server le climat int\u00e9rieur de votre maison, nos portes sont dot\u00e9es de coupe-bise \u00e9tanches et de noyaux isol\u00e9s. Les options avec double ou triple vitrage am\u00e9liorent encore l&rsquo;isolation thermique, ce qui les rend id\u00e9ales pour maintenir l&rsquo;efficacit\u00e9 \u00e9nerg\u00e9tique dans diff\u00e9rents climats.<\/p>\n<p><strong>Possibilit\u00e9s de personnalisation :<\/strong> Nous r\u00e9pondons au caract\u00e8re unique de chaque propri\u00e9t\u00e9 en proposant des solutions de portes personnalis\u00e9es. Adaptez votre porte \u00e0 des dimensions sp\u00e9cifiques, s\u00e9lectionnez des inserts en verre uniques pour la lumi\u00e8re naturelle, ou choisissez parmi une gamme de quincailleries d\u00e9coratives pour ajouter une touche personnelle \u00e0 votre entr\u00e9e.<\/p>\n<p><strong>Installation facile et assistance permanente :<\/strong> Nos portes ext\u00e9rieures sont con\u00e7ues pour une installation sans faille, s&rsquo;adaptant sans effort \u00e0 vos cadres de porte existants. Nous proposons des services d&rsquo;installation professionnels afin de garantir que votre porte est parfaitement install\u00e9e. En outre, notre \u00e9quipe fournit une assistance permanente et des conseils d&rsquo;entretien pour que votre porte fonctionne parfaitement pendant des ann\u00e9es.<\/p>\n<p><strong>Choisir la bonne porte ext\u00e9rieure :<\/strong><\/p>\n<ul>\n<li><strong>Des mesures pr\u00e9cises :<\/strong> Veillez \u00e0 mesurer correctement l&#8217;embrasure de la porte pour qu&rsquo;elle soit bien ajust\u00e9e, ce qui est essentiel pour la s\u00e9curit\u00e9 et l&rsquo;isolation.<\/li>\n<li><strong>Tenir compte du climat :<\/strong> Choisissez des mat\u00e9riaux et des styles adapt\u00e9s aux conditions climatiques locales : la fibre de verre et l&rsquo;acier pour les conditions climatiques difficiles et le bois pour les environnements plus abrit\u00e9s.<\/li>\n<li><strong>Harmonie du design :<\/strong> Choisissez une porte qui compl\u00e8te ou am\u00e9liore le style architectural de votre maison. La bonne porte peut servir de point de mire ou se fondre subtilement dans l&rsquo;ensemble de l&rsquo;am\u00e9nagement.<\/li>\n<\/ul>\n<p><strong>L&rsquo;importance d&rsquo;une porte ext\u00e9rieure de qualit\u00e9 :<\/strong> Une porte ext\u00e9rieure de qualit\u00e9 est essentielle non seulement pour la s\u00e9curit\u00e9 et l&rsquo;efficacit\u00e9 \u00e9nerg\u00e9tique, mais aussi parce qu&rsquo;elle fait partie int\u00e9grante de l&rsquo;esth\u00e9tique et de la valeur marchande de votre maison. C&rsquo;est souvent la premi\u00e8re chose que les invit\u00e9s remarquent, elle donne le ton au reste de votre maison et exprime votre style personnel.<\/p>\n<p><strong>Investissez dans la s\u00e9curit\u00e9, l&rsquo;efficacit\u00e9 et le style :<\/strong> Optez pour l&rsquo;une de nos portes ext\u00e9rieures de qualit\u00e9 sup\u00e9rieure et investissez dans un m\u00e9lange de s\u00e9curit\u00e9, d&rsquo;efficacit\u00e9 \u00e9nerg\u00e9tique et de design. Notre collection offre la solution parfaite pour chaque besoin et pr\u00e9f\u00e9rence, garantissant que votre entr\u00e9e est aussi accueillante que s\u00e9curis\u00e9e.<\/p>\n","protected":false},"excerpt":{"rendered":"<p>Dimension de la porte d&rsquo;entr\u00e9e : 90*200 cm<\/p>\n<p>Dimension de la finition du moulage : 110*210*20 cm<\/p>\n<p>Bo\u00eetier m\u00e9tallique r\u00e9glable : 13 &#8211; 20 cm<\/p>\n<p>\u00c9paisseur de la t\u00f4le : 0,8 mm \/ peinte 0,9 mm<\/p>\n<p>Mod\u00e8le ext\u00e9rieur : Laminoks Rustique<\/p>\n<p>Mod\u00e8le interne:Laminox lisse<\/p>\n<p>Serrure : Syst\u00e8me de verrouillage monobloc<\/p>\n<p>Isolation : Styrofoam \/ EPS<\/p>\n<p>Porte ext\u00e9rieure<\/p>\n<p>&nbsp;<\/p>\n","protected":false},"featured_media":52671,"comment_status":"open","ping_status":"closed","template":"","meta":[],"product_cat":[241],"product_tag":[],"class_list":{"0":"post-55049","1":"product","2":"type-product","3":"status-publish","4":"has-post-thumbnail","6":"product_cat-porte-exterieure-en-acier","8":"first","9":"instock","10":"sale","11":"taxable","12":"shipping-taxable","13":"purchasable","14":"product-type-simple"},"_links":{"self":[{"href":"https:\/\/tpiexports.com\/fr\/wp-json\/wp\/v2\/product\/55049","targetHints":{"allow":["GET"]}}],"collection":[{"href":"https:\/\/tpiexports.com\/fr\/wp-json\/wp\/v2\/product"}],"about":[{"href":"https:\/\/tpiexports.com\/fr\/wp-json\/wp\/v2\/types\/product"}],"replies":[{"embeddable":true,"href":"https:\/\/tpiexports.com\/fr\/wp-json\/wp\/v2\/comments?post=55049"}],"version-history":[{"count":0,"href":"https:\/\/tpiexports.com\/fr\/wp-json\/wp\/v2\/product\/55049\/revisions"}],"wp:featuredmedia":[{"embeddable":true,"href":"https:\/\/tpiexports.com\/fr\/wp-json\/wp\/v2\/media\/52671"}],"wp:attachment":[{"href":"https:\/\/tpiexports.com\/fr\/wp-json\/wp\/v2\/media?parent=55049"}],"wp:term":[{"taxonomy":"product_cat","embeddable":true,"href":"https:\/\/tpiexports.com\/fr\/wp-json\/wp\/v2\/product_cat?post=55049"},{"taxonomy":"product_tag","embeddable":true,"href":"https:\/\/tpiexports.com\/fr\/wp-json\/wp\/v2\/product_tag?post=55049"}],"curies":[{"name":"wp","href":"https:\/\/api.w.org\/{rel}","templated":true}]}}