{"id":55067,"date":"2024-03-23T09:55:57","date_gmt":"2024-03-23T06:55:57","guid":{"rendered":"https:\/\/tpiexports.com\/?post_type=product&#038;p=55067"},"modified":"2024-05-30T13:49:22","modified_gmt":"2024-05-30T10:49:22","slug":"meuble-de-salle-de-bains-lavabo-miroir-nerino-65","status":"publish","type":"product","link":"https:\/\/tpiexports.com\/fr\/produit\/meuble-de-salle-de-bains-lavabo-miroir-nerino-65\/","title":{"rendered":"Meuble de salle de bains + Lavabo + Miroir &#8211; NERINO 65"},"content":{"rendered":"","protected":false},"excerpt":{"rendered":"<ul>\n<li>Corps : M\u00e9lamin\u00e9 sur MDF<\/li>\n<li>Tiroir\/Porte : M\u00e9lamin\u00e9 sur MDF, syst\u00e8me soft close, un tiroir \u00e9vier c\u00e9ramique<\/li>\n<li>Miroir : Miroir d&rsquo;armoire<\/li>\n<li>NERINO 65<\/li>\n<\/ul>\n","protected":false},"featured_media":0,"comment_status":"open","ping_status":"closed","template":"","meta":[],"product_cat":[304,243],"product_tag":[],"class_list":{"0":"post-55067","1":"product","2":"type-product","3":"status-publish","5":"product_cat-meubles-de-salle-de-bains","6":"product_cat-non-classe","8":"first","9":"instock","10":"sale","11":"taxable","12":"shipping-taxable","13":"purchasable","14":"product-type-simple"},"_links":{"self":[{"href":"https:\/\/tpiexports.com\/fr\/wp-json\/wp\/v2\/product\/55067","targetHints":{"allow":["GET"]}}],"collection":[{"href":"https:\/\/tpiexports.com\/fr\/wp-json\/wp\/v2\/product"}],"about":[{"href":"https:\/\/tpiexports.com\/fr\/wp-json\/wp\/v2\/types\/product"}],"replies":[{"embeddable":true,"href":"https:\/\/tpiexports.com\/fr\/wp-json\/wp\/v2\/comments?post=55067"}],"version-history":[{"count":0,"href":"https:\/\/tpiexports.com\/fr\/wp-json\/wp\/v2\/product\/55067\/revisions"}],"wp:attachment":[{"href":"https:\/\/tpiexports.com\/fr\/wp-json\/wp\/v2\/media?parent=55067"}],"wp:term":[{"taxonomy":"product_cat","embeddable":true,"href":"https:\/\/tpiexports.com\/fr\/wp-json\/wp\/v2\/product_cat?post=55067"},{"taxonomy":"product_tag","embeddable":true,"href":"https:\/\/tpiexports.com\/fr\/wp-json\/wp\/v2\/product_tag?post=55067"}],"curies":[{"name":"wp","href":"https:\/\/api.w.org\/{rel}","templated":true}]}}