{"id":55243,"date":"2024-03-23T09:53:36","date_gmt":"2024-03-23T06:53:36","guid":{"rendered":"https:\/\/tpiexports.com\/product\/meuble-de-salle-de-bains-evier-miroir-aria-65\/"},"modified":"2024-05-30T13:08:03","modified_gmt":"2024-05-30T10:08:03","slug":"meuble-de-salle-de-bains-evier-miroir-aria-65","status":"publish","type":"product","link":"https:\/\/tpiexports.com\/fr\/produit\/meuble-de-salle-de-bains-evier-miroir-aria-65\/","title":{"rendered":"Meuble de salle de bains + \u00e9vier + miroir &#8211; ARIA 65"},"content":{"rendered":"","protected":false},"excerpt":{"rendered":"<ul>\n<li>Corps : M\u00e9lamin\u00e9 sur MDF<\/li>\n<li>Tiroir\/Porte : M\u00e9lamin\u00e9 sur MDF, syst\u00e8me soft close, un tiroir \u00e9vier c\u00e9ramique<\/li>\n<li>Miroir : Miroir d&rsquo;armoire<\/li>\n<li>Ar\u0131a 65<\/li>\n<\/ul>\n","protected":false},"featured_media":52119,"comment_status":"open","ping_status":"closed","template":"","meta":[],"product_cat":[304,243],"product_tag":[],"class_list":{"0":"post-55243","1":"product","2":"type-product","3":"status-publish","4":"has-post-thumbnail","6":"product_cat-meubles-de-salle-de-bains","7":"product_cat-non-classe","9":"first","10":"instock","11":"sale","12":"taxable","13":"shipping-taxable","14":"purchasable","15":"product-type-simple"},"_links":{"self":[{"href":"https:\/\/tpiexports.com\/fr\/wp-json\/wp\/v2\/product\/55243","targetHints":{"allow":["GET"]}}],"collection":[{"href":"https:\/\/tpiexports.com\/fr\/wp-json\/wp\/v2\/product"}],"about":[{"href":"https:\/\/tpiexports.com\/fr\/wp-json\/wp\/v2\/types\/product"}],"replies":[{"embeddable":true,"href":"https:\/\/tpiexports.com\/fr\/wp-json\/wp\/v2\/comments?post=55243"}],"version-history":[{"count":0,"href":"https:\/\/tpiexports.com\/fr\/wp-json\/wp\/v2\/product\/55243\/revisions"}],"wp:featuredmedia":[{"embeddable":true,"href":"https:\/\/tpiexports.com\/fr\/wp-json\/wp\/v2\/media\/52119"}],"wp:attachment":[{"href":"https:\/\/tpiexports.com\/fr\/wp-json\/wp\/v2\/media?parent=55243"}],"wp:term":[{"taxonomy":"product_cat","embeddable":true,"href":"https:\/\/tpiexports.com\/fr\/wp-json\/wp\/v2\/product_cat?post=55243"},{"taxonomy":"product_tag","embeddable":true,"href":"https:\/\/tpiexports.com\/fr\/wp-json\/wp\/v2\/product_tag?post=55243"}],"curies":[{"name":"wp","href":"https:\/\/api.w.org\/{rel}","templated":true}]}}