{"id":55267,"date":"2024-03-23T09:53:59","date_gmt":"2024-03-23T06:53:59","guid":{"rendered":"https:\/\/tpiexports.com\/product\/meuble-de-salle-de-bains-lavabo-miroir-belezza-140\/"},"modified":"2024-05-30T13:07:59","modified_gmt":"2024-05-30T10:07:59","slug":"meuble-de-salle-de-bains-lavabo-miroir-belezza-140","status":"publish","type":"product","link":"https:\/\/tpiexports.com\/fr\/produit\/meuble-de-salle-de-bains-lavabo-miroir-belezza-140\/","title":{"rendered":"Meuble de salle de bains + lavabo + miroir &#8211; BELEZZA 140"},"content":{"rendered":"","protected":false},"excerpt":{"rendered":"<ul>\n<li>Corps : M\u00e9lamin\u00e9 sur MDF<\/li>\n<li>Tiroir\/Porte : M\u00e9lamin\u00e9 sur MDF, syst\u00e8me soft close, un tiroir \u00e9vier c\u00e9ramique<\/li>\n<li>Miroir : Miroir d&rsquo;armoire<\/li>\n<li>Belezza 140<\/li>\n<\/ul>\n","protected":false},"featured_media":52131,"comment_status":"open","ping_status":"closed","template":"","meta":[],"product_cat":[304,243],"product_tag":[],"class_list":{"0":"post-55267","1":"product","2":"type-product","3":"status-publish","4":"has-post-thumbnail","6":"product_cat-meubles-de-salle-de-bains","7":"product_cat-non-classe","9":"first","10":"instock","11":"sale","12":"taxable","13":"shipping-taxable","14":"purchasable","15":"product-type-simple"},"_links":{"self":[{"href":"https:\/\/tpiexports.com\/fr\/wp-json\/wp\/v2\/product\/55267","targetHints":{"allow":["GET"]}}],"collection":[{"href":"https:\/\/tpiexports.com\/fr\/wp-json\/wp\/v2\/product"}],"about":[{"href":"https:\/\/tpiexports.com\/fr\/wp-json\/wp\/v2\/types\/product"}],"replies":[{"embeddable":true,"href":"https:\/\/tpiexports.com\/fr\/wp-json\/wp\/v2\/comments?post=55267"}],"version-history":[{"count":0,"href":"https:\/\/tpiexports.com\/fr\/wp-json\/wp\/v2\/product\/55267\/revisions"}],"wp:featuredmedia":[{"embeddable":true,"href":"https:\/\/tpiexports.com\/fr\/wp-json\/wp\/v2\/media\/52131"}],"wp:attachment":[{"href":"https:\/\/tpiexports.com\/fr\/wp-json\/wp\/v2\/media?parent=55267"}],"wp:term":[{"taxonomy":"product_cat","embeddable":true,"href":"https:\/\/tpiexports.com\/fr\/wp-json\/wp\/v2\/product_cat?post=55267"},{"taxonomy":"product_tag","embeddable":true,"href":"https:\/\/tpiexports.com\/fr\/wp-json\/wp\/v2\/product_tag?post=55267"}],"curies":[{"name":"wp","href":"https:\/\/api.w.org\/{rel}","templated":true}]}}