{"id":55638,"date":"2024-01-02T13:05:47","date_gmt":"2024-01-02T10:05:47","guid":{"rendered":"https:\/\/tpiexports.com\/product\/ensemble-de-douche-a-effet-de-pluie-ovale\/"},"modified":"2024-01-02T13:05:47","modified_gmt":"2024-01-02T10:05:47","slug":"ensemble-de-douche-a-effet-de-pluie-ovale","status":"publish","type":"product","link":"https:\/\/tpiexports.com\/fr\/produit\/ensemble-de-douche-a-effet-de-pluie-ovale\/","title":{"rendered":"Ensemble de douche \u00e0 effet de pluie Ovale"},"content":{"rendered":"<p>Transformez votre douche quotidienne en une exp\u00e9rience luxueuse gr\u00e2ce \u00e0 notre ensemble de douche \u00e0 effet de pluie Premium. Con\u00e7u pour offrir une douche apaisante, semblable \u00e0 celle d&rsquo;un spa, cet ensemble allie \u00e0 la fois \u00e9l\u00e9gance et performances in\u00e9gal\u00e9es.<\/p>\n","protected":false},"excerpt":{"rendered":"<p>Transformez votre douche quotidienne en une exp\u00e9rience luxueuse gr\u00e2ce \u00e0 notre ensemble de douche \u00e0 effet de pluie Premium. Con\u00e7u pour offrir une douche apaisante, semblable \u00e0 celle d&rsquo;un spa, cet ensemble allie \u00e0 la fois \u00e9l\u00e9gance et performances in\u00e9gal\u00e9es.<\/p>\n","protected":false},"featured_media":48826,"comment_status":"open","ping_status":"closed","template":"","meta":[],"product_cat":[235],"product_tag":[],"class_list":{"0":"post-55638","1":"product","2":"type-product","3":"status-publish","4":"has-post-thumbnail","6":"product_cat-robinets-de-cuisine-et-devier","8":"first","9":"instock","10":"sale","11":"taxable","12":"shipping-taxable","13":"purchasable","14":"product-type-simple"},"_links":{"self":[{"href":"https:\/\/tpiexports.com\/fr\/wp-json\/wp\/v2\/product\/55638","targetHints":{"allow":["GET"]}}],"collection":[{"href":"https:\/\/tpiexports.com\/fr\/wp-json\/wp\/v2\/product"}],"about":[{"href":"https:\/\/tpiexports.com\/fr\/wp-json\/wp\/v2\/types\/product"}],"replies":[{"embeddable":true,"href":"https:\/\/tpiexports.com\/fr\/wp-json\/wp\/v2\/comments?post=55638"}],"version-history":[{"count":0,"href":"https:\/\/tpiexports.com\/fr\/wp-json\/wp\/v2\/product\/55638\/revisions"}],"wp:featuredmedia":[{"embeddable":true,"href":"https:\/\/tpiexports.com\/fr\/wp-json\/wp\/v2\/media\/48826"}],"wp:attachment":[{"href":"https:\/\/tpiexports.com\/fr\/wp-json\/wp\/v2\/media?parent=55638"}],"wp:term":[{"taxonomy":"product_cat","embeddable":true,"href":"https:\/\/tpiexports.com\/fr\/wp-json\/wp\/v2\/product_cat?post=55638"},{"taxonomy":"product_tag","embeddable":true,"href":"https:\/\/tpiexports.com\/fr\/wp-json\/wp\/v2\/product_tag?post=55638"}],"curies":[{"name":"wp","href":"https:\/\/api.w.org\/{rel}","templated":true}]}}