{"id":56148,"date":"2024-01-02T12:59:22","date_gmt":"2024-01-02T09:59:22","guid":{"rendered":"https:\/\/tpiexports.com\/product\/robinet-de-lavabo-a-levier-unique-chrome\/"},"modified":"2024-05-02T15:13:26","modified_gmt":"2024-05-02T12:13:26","slug":"robinet-de-lavabo-a-levier-unique-chrome","status":"publish","type":"product","link":"https:\/\/tpiexports.com\/fr\/produit\/robinet-de-lavabo-a-levier-unique-chrome\/","title":{"rendered":"Robinet de lavabo \u00e0 levier unique (chrome)"},"content":{"rendered":"<p>Rehaussez le style de votre salle de bains avec notre robinet de lavabo \u00e0 levier unique Sleek, qui allie un design moderne \u00e0 une fonctionnalit\u00e9 sans effort. Ce robinet est un m\u00e9lange parfait de forme et d&rsquo;utilit\u00e9, apportant une touche d&rsquo;\u00e9l\u00e9gance \u00e0 votre quotidien.<\/p>\n","protected":false},"excerpt":{"rendered":"<p>Rehaussez le style de votre salle de bains avec notre robinet de lavabo \u00e0 levier unique Sleek, qui allie un design moderne \u00e0 une fonctionnalit\u00e9 sans effort. Ce robinet est un m\u00e9lange parfait de forme et d&rsquo;utilit\u00e9, apportant une touche d&rsquo;\u00e9l\u00e9gance \u00e0 votre quotidien.<\/p>\n","protected":false},"featured_media":48824,"comment_status":"open","ping_status":"closed","template":"","meta":[],"product_cat":[235],"product_tag":[],"class_list":{"0":"post-56148","1":"product","2":"type-product","3":"status-publish","4":"has-post-thumbnail","6":"product_cat-robinets-de-cuisine-et-devier","8":"first","9":"instock","10":"sale","11":"taxable","12":"shipping-taxable","13":"purchasable","14":"product-type-simple"},"_links":{"self":[{"href":"https:\/\/tpiexports.com\/fr\/wp-json\/wp\/v2\/product\/56148","targetHints":{"allow":["GET"]}}],"collection":[{"href":"https:\/\/tpiexports.com\/fr\/wp-json\/wp\/v2\/product"}],"about":[{"href":"https:\/\/tpiexports.com\/fr\/wp-json\/wp\/v2\/types\/product"}],"replies":[{"embeddable":true,"href":"https:\/\/tpiexports.com\/fr\/wp-json\/wp\/v2\/comments?post=56148"}],"version-history":[{"count":0,"href":"https:\/\/tpiexports.com\/fr\/wp-json\/wp\/v2\/product\/56148\/revisions"}],"wp:featuredmedia":[{"embeddable":true,"href":"https:\/\/tpiexports.com\/fr\/wp-json\/wp\/v2\/media\/48824"}],"wp:attachment":[{"href":"https:\/\/tpiexports.com\/fr\/wp-json\/wp\/v2\/media?parent=56148"}],"wp:term":[{"taxonomy":"product_cat","embeddable":true,"href":"https:\/\/tpiexports.com\/fr\/wp-json\/wp\/v2\/product_cat?post=56148"},{"taxonomy":"product_tag","embeddable":true,"href":"https:\/\/tpiexports.com\/fr\/wp-json\/wp\/v2\/product_tag?post=56148"}],"curies":[{"name":"wp","href":"https:\/\/api.w.org\/{rel}","templated":true}]}}