{"id":56150,"date":"2023-12-26T15:48:23","date_gmt":"2023-12-26T12:48:23","guid":{"rendered":"https:\/\/tpiexports.com\/product\/meuble-de-salle-de-bains-lavabo-miroir-renata-60\/"},"modified":"2024-05-30T13:17:33","modified_gmt":"2024-05-30T10:17:33","slug":"meuble-de-salle-de-bains-lavabo-miroir-renata-60","status":"publish","type":"product","link":"https:\/\/tpiexports.com\/fr\/produit\/meuble-de-salle-de-bains-lavabo-miroir-renata-60\/","title":{"rendered":"Meuble de salle de bains + Lavabo + Miroir &#8211; RENATA 60"},"content":{"rendered":"<ul>\n<li>Corps : M\u00e9lamin\u00e9 sur MDF<\/li>\n<li>Tiroir\/Porte : Rev\u00eatement thermoform\u00e9 sur MDF, un tiroir avec syst\u00e8me soft-close, \u00e9vier en c\u00e9ramique<\/li>\n<li>Miroir : Miroir avec lumi\u00e8re LED<\/li>\n<li>Renata 60<\/li>\n<\/ul>\n","protected":false},"excerpt":{"rendered":"<p>renata 60<\/p>\n","protected":false},"featured_media":52453,"comment_status":"open","ping_status":"closed","template":"","meta":[],"product_cat":[304,243],"product_tag":[],"class_list":{"0":"post-56150","1":"product","2":"type-product","3":"status-publish","4":"has-post-thumbnail","6":"product_cat-meubles-de-salle-de-bains","7":"product_cat-non-classe","9":"first","10":"instock","11":"sale","12":"taxable","13":"shipping-taxable","14":"purchasable","15":"product-type-simple"},"_links":{"self":[{"href":"https:\/\/tpiexports.com\/fr\/wp-json\/wp\/v2\/product\/56150","targetHints":{"allow":["GET"]}}],"collection":[{"href":"https:\/\/tpiexports.com\/fr\/wp-json\/wp\/v2\/product"}],"about":[{"href":"https:\/\/tpiexports.com\/fr\/wp-json\/wp\/v2\/types\/product"}],"replies":[{"embeddable":true,"href":"https:\/\/tpiexports.com\/fr\/wp-json\/wp\/v2\/comments?post=56150"}],"version-history":[{"count":0,"href":"https:\/\/tpiexports.com\/fr\/wp-json\/wp\/v2\/product\/56150\/revisions"}],"wp:featuredmedia":[{"embeddable":true,"href":"https:\/\/tpiexports.com\/fr\/wp-json\/wp\/v2\/media\/52453"}],"wp:attachment":[{"href":"https:\/\/tpiexports.com\/fr\/wp-json\/wp\/v2\/media?parent=56150"}],"wp:term":[{"taxonomy":"product_cat","embeddable":true,"href":"https:\/\/tpiexports.com\/fr\/wp-json\/wp\/v2\/product_cat?post=56150"},{"taxonomy":"product_tag","embeddable":true,"href":"https:\/\/tpiexports.com\/fr\/wp-json\/wp\/v2\/product_tag?post=56150"}],"curies":[{"name":"wp","href":"https:\/\/api.w.org\/{rel}","templated":true}]}}