{"id":56157,"date":"2024-01-02T13:03:00","date_gmt":"2024-01-02T10:03:00","guid":{"rendered":"https:\/\/tpiexports.com\/product\/ensemble-de-douche-a-effet-de-pluie-noir\/"},"modified":"2024-01-02T13:03:00","modified_gmt":"2024-01-02T10:03:00","slug":"ensemble-de-douche-a-effet-de-pluie-noir","status":"publish","type":"product","link":"https:\/\/tpiexports.com\/fr\/produit\/ensemble-de-douche-a-effet-de-pluie-noir\/","title":{"rendered":"Ensemble de douche \u00e0 effet de pluie (noir)"},"content":{"rendered":"<h4><strong>Ensemble de douche de luxe \u00e0 effet de pluie<\/strong><\/h4>\n<p>Transformez votre douche quotidienne en une exp\u00e9rience luxueuse gr\u00e2ce \u00e0 notre ensemble de douche \u00e0 effet de pluie Premium. Con\u00e7u pour offrir une douche apaisante, semblable \u00e0 celle d&rsquo;un spa, cet ensemble allie \u00e0 la fois \u00e9l\u00e9gance et performances in\u00e9gal\u00e9es.<\/p>\n","protected":false},"excerpt":{"rendered":"<ul>\n<li><strong>T\u00eate de douche \u00e0 effet de pluie :<\/strong> la grande t\u00eate de douche imite la sensation douce et relaxante de la pluie qui tombe, offrant une couverture compl\u00e8te et uniforme pour une exp\u00e9rience vraiment immersive.<\/li>\n<li><strong>Mat\u00e9riaux de haute qualit\u00e9 :<\/strong> Fabriqu\u00e9 en acier inoxydable de premi\u00e8re qualit\u00e9 avec une finition chrom\u00e9e \u00e9l\u00e9gante, cet ensemble de douche n&rsquo;est pas seulement visuellement attrayant, mais aussi tr\u00e8s durable et r\u00e9sistant au ternissement et \u00e0 la corrosion.<\/li>\n<li><strong>R\u00e9glages ajustables :<\/strong> Le d\u00e9bit et la temp\u00e9rature de l&rsquo;eau sont r\u00e9glables, ce qui vous permet d&rsquo;adapter votre douche \u00e0 vos pr\u00e9f\u00e9rences.<\/li>\n<li><strong>Installation facile :<\/strong> Con\u00e7u pour une installation sans probl\u00e8me dans n&rsquo;importe quel syst\u00e8me de douche standard. Il peut \u00eatre fix\u00e9 au mur ou au plafond, en fonction de l&rsquo;agencement de votre salle de bains et de vos pr\u00e9f\u00e9rences personnelles.<\/li>\n<li><strong>Respect de l&rsquo;environnement :<\/strong> con\u00e7u pour \u00e9conomiser l&rsquo;eau sans compromettre les performances, il vous aide \u00e0 r\u00e9duire vos factures d&rsquo;eau tout en respectant l&rsquo;environnement.<\/li>\n<li><strong>Conception ergonomique :<\/strong> L&rsquo;ensemble de douche est con\u00e7u de mani\u00e8re ergonomique pour le confort et la facilit\u00e9 d&rsquo;utilisation, garantissant une douche relaxante \u00e0 chaque fois.<\/li>\n<\/ul>\n<p>Rehaussez votre salle de bains avec notre ensemble de douche \u00e0 effet de pluie de luxe, o\u00f9 le style rencontre le confort ultime de la douche.<\/p>\n","protected":false},"featured_media":48822,"comment_status":"open","ping_status":"closed","template":"","meta":[],"product_cat":[235],"product_tag":[],"class_list":{"0":"post-56157","1":"product","2":"type-product","3":"status-publish","4":"has-post-thumbnail","6":"product_cat-robinets-de-cuisine-et-devier","8":"first","9":"instock","10":"sale","11":"taxable","12":"shipping-taxable","13":"purchasable","14":"product-type-simple"},"_links":{"self":[{"href":"https:\/\/tpiexports.com\/fr\/wp-json\/wp\/v2\/product\/56157","targetHints":{"allow":["GET"]}}],"collection":[{"href":"https:\/\/tpiexports.com\/fr\/wp-json\/wp\/v2\/product"}],"about":[{"href":"https:\/\/tpiexports.com\/fr\/wp-json\/wp\/v2\/types\/product"}],"replies":[{"embeddable":true,"href":"https:\/\/tpiexports.com\/fr\/wp-json\/wp\/v2\/comments?post=56157"}],"version-history":[{"count":0,"href":"https:\/\/tpiexports.com\/fr\/wp-json\/wp\/v2\/product\/56157\/revisions"}],"wp:featuredmedia":[{"embeddable":true,"href":"https:\/\/tpiexports.com\/fr\/wp-json\/wp\/v2\/media\/48822"}],"wp:attachment":[{"href":"https:\/\/tpiexports.com\/fr\/wp-json\/wp\/v2\/media?parent=56157"}],"wp:term":[{"taxonomy":"product_cat","embeddable":true,"href":"https:\/\/tpiexports.com\/fr\/wp-json\/wp\/v2\/product_cat?post=56157"},{"taxonomy":"product_tag","embeddable":true,"href":"https:\/\/tpiexports.com\/fr\/wp-json\/wp\/v2\/product_tag?post=56157"}],"curies":[{"name":"wp","href":"https:\/\/api.w.org\/{rel}","templated":true}]}}