{"id":57777,"date":"2024-03-23T09:53:32","date_gmt":"2024-03-23T06:53:32","guid":{"rendered":"https:\/\/tpiexports.com\/product\/meuble-de-salle-de-bains-lavabo-miroir-roza-80\/"},"modified":"2024-05-30T13:14:10","modified_gmt":"2024-05-30T10:14:10","slug":"meuble-de-salle-de-bains-lavabo-miroir-roza-80","status":"publish","type":"product","link":"https:\/\/tpiexports.com\/fr\/produit\/meuble-de-salle-de-bains-lavabo-miroir-roza-80\/","title":{"rendered":"Meuble de salle de bains + lavabo + miroir &#8211; ROZA 80"},"content":{"rendered":"","protected":false},"excerpt":{"rendered":"<ul>\n<li>Corps : M\u00e9lamin\u00e9 sur MDF<\/li>\n<li>Tiroir\/Porte : M\u00e9lamin\u00e9 sur MDF, syst\u00e8me soft close, un tiroir \u00e9vier c\u00e9ramique<\/li>\n<li>Miroir : Miroir d&rsquo;armoire<\/li>\n<li>Roza 80<\/li>\n<\/ul>\n","protected":false},"featured_media":52225,"comment_status":"open","ping_status":"closed","template":"","meta":[],"product_cat":[304,243],"product_tag":[],"class_list":{"0":"post-57777","1":"product","2":"type-product","3":"status-publish","4":"has-post-thumbnail","6":"product_cat-meubles-de-salle-de-bains","7":"product_cat-non-classe","9":"first","10":"instock","11":"sale","12":"taxable","13":"shipping-taxable","14":"purchasable","15":"product-type-simple"},"_links":{"self":[{"href":"https:\/\/tpiexports.com\/fr\/wp-json\/wp\/v2\/product\/57777","targetHints":{"allow":["GET"]}}],"collection":[{"href":"https:\/\/tpiexports.com\/fr\/wp-json\/wp\/v2\/product"}],"about":[{"href":"https:\/\/tpiexports.com\/fr\/wp-json\/wp\/v2\/types\/product"}],"replies":[{"embeddable":true,"href":"https:\/\/tpiexports.com\/fr\/wp-json\/wp\/v2\/comments?post=57777"}],"version-history":[{"count":0,"href":"https:\/\/tpiexports.com\/fr\/wp-json\/wp\/v2\/product\/57777\/revisions"}],"wp:featuredmedia":[{"embeddable":true,"href":"https:\/\/tpiexports.com\/fr\/wp-json\/wp\/v2\/media\/52225"}],"wp:attachment":[{"href":"https:\/\/tpiexports.com\/fr\/wp-json\/wp\/v2\/media?parent=57777"}],"wp:term":[{"taxonomy":"product_cat","embeddable":true,"href":"https:\/\/tpiexports.com\/fr\/wp-json\/wp\/v2\/product_cat?post=57777"},{"taxonomy":"product_tag","embeddable":true,"href":"https:\/\/tpiexports.com\/fr\/wp-json\/wp\/v2\/product_tag?post=57777"}],"curies":[{"name":"wp","href":"https:\/\/api.w.org\/{rel}","templated":true}]}}