{"id":57954,"date":"2023-12-26T09:30:54","date_gmt":"2023-12-26T06:30:54","guid":{"rendered":"https:\/\/tpiexports.com\/product\/urinoir-scaria\/"},"modified":"2024-05-22T17:00:15","modified_gmt":"2024-05-22T14:00:15","slug":"urinoir-scaria","status":"publish","type":"product","link":"https:\/\/tpiexports.com\/fr\/produit\/urinoir-scaria\/","title":{"rendered":"Urinoir Scaria"},"content":{"rendered":"<p>Cet urinoir sans rebord est con\u00e7u pour une exp\u00e9rience plus propre et plus hygi\u00e9nique dans la salle de bains.<\/p>\n","protected":false},"excerpt":{"rendered":"<p>Cet urinoir sans rebord est con\u00e7u pour une exp\u00e9rience plus propre et plus hygi\u00e9nique dans la salle de bains.<\/p>\n","protected":false},"featured_media":48629,"comment_status":"open","ping_status":"closed","template":"","meta":[],"product_cat":[237],"product_tag":[],"class_list":{"0":"post-57954","1":"product","2":"type-product","3":"status-publish","4":"has-post-thumbnail","6":"product_cat-sanitaire","8":"first","9":"instock","10":"sale","11":"taxable","12":"shipping-taxable","13":"purchasable","14":"product-type-simple"},"_links":{"self":[{"href":"https:\/\/tpiexports.com\/fr\/wp-json\/wp\/v2\/product\/57954","targetHints":{"allow":["GET"]}}],"collection":[{"href":"https:\/\/tpiexports.com\/fr\/wp-json\/wp\/v2\/product"}],"about":[{"href":"https:\/\/tpiexports.com\/fr\/wp-json\/wp\/v2\/types\/product"}],"replies":[{"embeddable":true,"href":"https:\/\/tpiexports.com\/fr\/wp-json\/wp\/v2\/comments?post=57954"}],"version-history":[{"count":0,"href":"https:\/\/tpiexports.com\/fr\/wp-json\/wp\/v2\/product\/57954\/revisions"}],"wp:featuredmedia":[{"embeddable":true,"href":"https:\/\/tpiexports.com\/fr\/wp-json\/wp\/v2\/media\/48629"}],"wp:attachment":[{"href":"https:\/\/tpiexports.com\/fr\/wp-json\/wp\/v2\/media?parent=57954"}],"wp:term":[{"taxonomy":"product_cat","embeddable":true,"href":"https:\/\/tpiexports.com\/fr\/wp-json\/wp\/v2\/product_cat?post=57954"},{"taxonomy":"product_tag","embeddable":true,"href":"https:\/\/tpiexports.com\/fr\/wp-json\/wp\/v2\/product_tag?post=57954"}],"curies":[{"name":"wp","href":"https:\/\/api.w.org\/{rel}","templated":true}]}}