{"id":57970,"date":"2023-12-26T15:47:09","date_gmt":"2023-12-26T12:47:09","guid":{"rendered":"https:\/\/tpiexports.com\/product\/meuble-de-salle-de-bains-evier-miroir-star-130\/"},"modified":"2024-05-30T13:17:38","modified_gmt":"2024-05-30T10:17:38","slug":"meuble-de-salle-de-bains-evier-miroir-star-130","status":"publish","type":"product","link":"https:\/\/tpiexports.com\/fr\/produit\/meuble-de-salle-de-bains-evier-miroir-star-130\/","title":{"rendered":"Meuble de salle de bains + \u00e9vier + miroir &#8211; STAR 130"},"content":{"rendered":"<ul>\n<li>Corps : rev\u00eatement thermoform\u00e9 sur MDF<\/li>\n<li>Tiroir : Rev\u00eatement thermoform\u00e9 sur MDF, syst\u00e8me de rail soft-close, un tiroir et une porte<\/li>\n<li>Plan de travail thermoform\u00e9 sur \u00e9vier en c\u00e9ramique MDF<\/li>\n<li>Miroir : Miroir \u00e0 led tactile<\/li>\n<\/ul>\n","protected":false},"excerpt":{"rendered":"<p>\u00e9toile 130<\/p>\n","protected":false},"featured_media":48745,"comment_status":"open","ping_status":"closed","template":"","meta":[],"product_cat":[304,243],"product_tag":[],"class_list":{"0":"post-57970","1":"product","2":"type-product","3":"status-publish","4":"has-post-thumbnail","6":"product_cat-meubles-de-salle-de-bains","7":"product_cat-non-classe","9":"first","10":"instock","11":"sale","12":"taxable","13":"shipping-taxable","14":"purchasable","15":"product-type-simple"},"_links":{"self":[{"href":"https:\/\/tpiexports.com\/fr\/wp-json\/wp\/v2\/product\/57970","targetHints":{"allow":["GET"]}}],"collection":[{"href":"https:\/\/tpiexports.com\/fr\/wp-json\/wp\/v2\/product"}],"about":[{"href":"https:\/\/tpiexports.com\/fr\/wp-json\/wp\/v2\/types\/product"}],"replies":[{"embeddable":true,"href":"https:\/\/tpiexports.com\/fr\/wp-json\/wp\/v2\/comments?post=57970"}],"version-history":[{"count":0,"href":"https:\/\/tpiexports.com\/fr\/wp-json\/wp\/v2\/product\/57970\/revisions"}],"wp:featuredmedia":[{"embeddable":true,"href":"https:\/\/tpiexports.com\/fr\/wp-json\/wp\/v2\/media\/48745"}],"wp:attachment":[{"href":"https:\/\/tpiexports.com\/fr\/wp-json\/wp\/v2\/media?parent=57970"}],"wp:term":[{"taxonomy":"product_cat","embeddable":true,"href":"https:\/\/tpiexports.com\/fr\/wp-json\/wp\/v2\/product_cat?post=57970"},{"taxonomy":"product_tag","embeddable":true,"href":"https:\/\/tpiexports.com\/fr\/wp-json\/wp\/v2\/product_tag?post=57970"}],"curies":[{"name":"wp","href":"https:\/\/api.w.org\/{rel}","templated":true}]}}