{"id":57988,"date":"2023-12-26T09:32:44","date_gmt":"2023-12-26T06:32:44","guid":{"rendered":"https:\/\/tpiexports.com\/product\/separateur-scaria\/"},"modified":"2024-05-22T16:59:56","modified_gmt":"2024-05-22T13:59:56","slug":"separateur-scaria","status":"publish","type":"product","link":"https:\/\/tpiexports.com\/fr\/produit\/separateur-scaria\/","title":{"rendered":"S\u00e9parateur SCARIA"},"content":{"rendered":"<p>Cette paroi sans rebord est con\u00e7ue pour une salle de bains plus propre et plus hygi\u00e9nique.<\/p>\n","protected":false},"excerpt":{"rendered":"<p>Cette paroi sans rebord est con\u00e7ue pour une salle de bains plus propre et plus hygi\u00e9nique.<\/p>\n","protected":false},"featured_media":48633,"comment_status":"open","ping_status":"closed","template":"","meta":[],"product_cat":[237],"product_tag":[],"class_list":{"0":"post-57988","1":"product","2":"type-product","3":"status-publish","4":"has-post-thumbnail","6":"product_cat-sanitaire","8":"first","9":"instock","10":"sale","11":"taxable","12":"shipping-taxable","13":"purchasable","14":"product-type-simple"},"_links":{"self":[{"href":"https:\/\/tpiexports.com\/fr\/wp-json\/wp\/v2\/product\/57988","targetHints":{"allow":["GET"]}}],"collection":[{"href":"https:\/\/tpiexports.com\/fr\/wp-json\/wp\/v2\/product"}],"about":[{"href":"https:\/\/tpiexports.com\/fr\/wp-json\/wp\/v2\/types\/product"}],"replies":[{"embeddable":true,"href":"https:\/\/tpiexports.com\/fr\/wp-json\/wp\/v2\/comments?post=57988"}],"version-history":[{"count":0,"href":"https:\/\/tpiexports.com\/fr\/wp-json\/wp\/v2\/product\/57988\/revisions"}],"wp:featuredmedia":[{"embeddable":true,"href":"https:\/\/tpiexports.com\/fr\/wp-json\/wp\/v2\/media\/48633"}],"wp:attachment":[{"href":"https:\/\/tpiexports.com\/fr\/wp-json\/wp\/v2\/media?parent=57988"}],"wp:term":[{"taxonomy":"product_cat","embeddable":true,"href":"https:\/\/tpiexports.com\/fr\/wp-json\/wp\/v2\/product_cat?post=57988"},{"taxonomy":"product_tag","embeddable":true,"href":"https:\/\/tpiexports.com\/fr\/wp-json\/wp\/v2\/product_tag?post=57988"}],"curies":[{"name":"wp","href":"https:\/\/api.w.org\/{rel}","templated":true}]}}