{"id":57997,"date":"2023-12-26T09:26:32","date_gmt":"2023-12-26T06:26:32","guid":{"rendered":"https:\/\/tpiexports.com\/product\/akdeniz-s-trap-wc-pan-cistern\/"},"modified":"2024-05-22T17:00:09","modified_gmt":"2024-05-22T14:00:09","slug":"akdeniz-s-trap-wc-pan-cistern","status":"publish","type":"product","link":"https:\/\/tpiexports.com\/fr\/produit\/akdeniz-s-trap-wc-pan-cistern\/","title":{"rendered":"AKDENIZ S-Trap Wc Pan + Cistern"},"content":{"rendered":"<p>Ces toilettes sans rebord sont con\u00e7ues pour une exp\u00e9rience de salle de bains plus propre et plus hygi\u00e9nique. Son si\u00e8ge \u00e0 fermeture souple et sa chasse d&rsquo;eau de 4 litres assurent un fonctionnement silencieux et efficace.<\/p>\n","protected":false},"excerpt":{"rendered":"<p>AKDENIZ S-Trap Wc Pan + Cistern<\/p>\n","protected":false},"featured_media":48613,"comment_status":"open","ping_status":"closed","template":"","meta":[],"product_cat":[237],"product_tag":[],"class_list":{"0":"post-57997","1":"product","2":"type-product","3":"status-publish","4":"has-post-thumbnail","6":"product_cat-sanitaire","8":"first","9":"instock","10":"sale","11":"taxable","12":"shipping-taxable","13":"purchasable","14":"product-type-simple"},"_links":{"self":[{"href":"https:\/\/tpiexports.com\/fr\/wp-json\/wp\/v2\/product\/57997","targetHints":{"allow":["GET"]}}],"collection":[{"href":"https:\/\/tpiexports.com\/fr\/wp-json\/wp\/v2\/product"}],"about":[{"href":"https:\/\/tpiexports.com\/fr\/wp-json\/wp\/v2\/types\/product"}],"replies":[{"embeddable":true,"href":"https:\/\/tpiexports.com\/fr\/wp-json\/wp\/v2\/comments?post=57997"}],"version-history":[{"count":0,"href":"https:\/\/tpiexports.com\/fr\/wp-json\/wp\/v2\/product\/57997\/revisions"}],"wp:featuredmedia":[{"embeddable":true,"href":"https:\/\/tpiexports.com\/fr\/wp-json\/wp\/v2\/media\/48613"}],"wp:attachment":[{"href":"https:\/\/tpiexports.com\/fr\/wp-json\/wp\/v2\/media?parent=57997"}],"wp:term":[{"taxonomy":"product_cat","embeddable":true,"href":"https:\/\/tpiexports.com\/fr\/wp-json\/wp\/v2\/product_cat?post=57997"},{"taxonomy":"product_tag","embeddable":true,"href":"https:\/\/tpiexports.com\/fr\/wp-json\/wp\/v2\/product_tag?post=57997"}],"curies":[{"name":"wp","href":"https:\/\/api.w.org\/{rel}","templated":true}]}}