{"id":57999,"date":"2023-12-26T10:00:09","date_gmt":"2023-12-26T07:00:09","guid":{"rendered":"https:\/\/tpiexports.com\/product\/vngrz-reservoir-de-chasse-encastre-standard\/"},"modified":"2024-05-22T17:00:11","modified_gmt":"2024-05-22T14:00:11","slug":"vngrz-reservoir-de-chasse-encastre-standard","status":"publish","type":"product","link":"https:\/\/tpiexports.com\/fr\/produit\/vngrz-reservoir-de-chasse-encastre-standard\/","title":{"rendered":"VNGRZ R\u00e9servoir de chasse encastr\u00e9 standard"},"content":{"rendered":"<p>VNGRZ R\u00e9servoir de chasse encastr\u00e9 standard (pour placards suspendus &#8211; double chasse 36 lt)<\/p>\n","protected":false},"excerpt":{"rendered":"<p>VNGRZ R\u00e9servoir de chasse encastr\u00e9 standard (pour placards suspendus &#8211; double chasse 36 lt)<\/p>\n","protected":false},"featured_media":48643,"comment_status":"open","ping_status":"closed","template":"","meta":[],"product_cat":[237],"product_tag":[],"class_list":{"0":"post-57999","1":"product","2":"type-product","3":"status-publish","4":"has-post-thumbnail","6":"product_cat-sanitaire","8":"first","9":"instock","10":"sale","11":"taxable","12":"shipping-taxable","13":"purchasable","14":"product-type-simple"},"_links":{"self":[{"href":"https:\/\/tpiexports.com\/fr\/wp-json\/wp\/v2\/product\/57999","targetHints":{"allow":["GET"]}}],"collection":[{"href":"https:\/\/tpiexports.com\/fr\/wp-json\/wp\/v2\/product"}],"about":[{"href":"https:\/\/tpiexports.com\/fr\/wp-json\/wp\/v2\/types\/product"}],"replies":[{"embeddable":true,"href":"https:\/\/tpiexports.com\/fr\/wp-json\/wp\/v2\/comments?post=57999"}],"version-history":[{"count":0,"href":"https:\/\/tpiexports.com\/fr\/wp-json\/wp\/v2\/product\/57999\/revisions"}],"wp:featuredmedia":[{"embeddable":true,"href":"https:\/\/tpiexports.com\/fr\/wp-json\/wp\/v2\/media\/48643"}],"wp:attachment":[{"href":"https:\/\/tpiexports.com\/fr\/wp-json\/wp\/v2\/media?parent=57999"}],"wp:term":[{"taxonomy":"product_cat","embeddable":true,"href":"https:\/\/tpiexports.com\/fr\/wp-json\/wp\/v2\/product_cat?post=57999"},{"taxonomy":"product_tag","embeddable":true,"href":"https:\/\/tpiexports.com\/fr\/wp-json\/wp\/v2\/product_tag?post=57999"}],"curies":[{"name":"wp","href":"https:\/\/api.w.org\/{rel}","templated":true}]}}