{"id":58029,"date":"2023-12-23T11:54:35","date_gmt":"2023-12-23T08:54:35","guid":{"rendered":"https:\/\/tpiexports.com\/product\/osmanli-porte-pvc-900x2100\/"},"modified":"2024-05-22T17:00:43","modified_gmt":"2024-05-22T14:00:43","slug":"osmanli-porte-pvc-900x2100","status":"publish","type":"product","link":"https:\/\/tpiexports.com\/fr\/produit\/osmanli-porte-pvc-900x2100\/","title":{"rendered":"Osmanl\u0131 Porte PVC 900&#215;2100"},"content":{"rendered":"<p><strong>Premium Osmanl\u0131 PVC Door Collection &#8211; La durabilit\u00e9 et l&rsquo;esth\u00e9tique r\u00e9unies<\/strong><\/p>\n<p>Notre collection de portes PVC Premium, con\u00e7ue pour les maisons modernes, allie parfaitement durabilit\u00e9, fonctionnalit\u00e9 et esth\u00e9tique. Con\u00e7ues dans une vari\u00e9t\u00e9 de styles pour r\u00e9pondre aux besoins de chaque maison, ces portes se distinguent par leur structure durable et facile \u00e0 entretenir.<\/p>\n<p><strong>Caract\u00e9ristiques principales :<\/strong><\/p>\n<p><strong>Mat\u00e9riau PVC de haute qualit\u00e9<\/strong>: L\u00e9ger mais extr\u00eamement durable, le PVC offre une excellente r\u00e9sistance \u00e0 l&rsquo;humidit\u00e9, \u00e0 la rouille et \u00e0 la pourriture. Il est id\u00e9al pour une utilisation \u00e0 long terme et r\u00e9siste aux conditions m\u00e9t\u00e9orologiques difficiles.<\/p>\n<p><strong>Diversit\u00e9 et personnalisation :<\/strong> Avec diff\u00e9rentes options de couleur et de design, nous proposons des alternatives adapt\u00e9es \u00e0 tous les go\u00fbts et \u00e0 toutes les conceptions d&rsquo;int\u00e9rieur. Leur aspect \u00e9l\u00e9gant et moderne compl\u00e8tera l&rsquo;esth\u00e9tique de votre maison.<\/p>\n<p><strong>Efficacit\u00e9 \u00e9nerg\u00e9tique :<\/strong> Gr\u00e2ce \u00e0 ses bonnes propri\u00e9t\u00e9s d&rsquo;isolation, il augmente l&rsquo;efficacit\u00e9 \u00e9nerg\u00e9tique et r\u00e9duit les pertes de chaleur. Cette fonction vous permet de r\u00e9duire vos co\u00fbts \u00e9nerg\u00e9tiques tout au long de l&rsquo;ann\u00e9e.<\/p>\n<p><strong>Facilit\u00e9 d&rsquo;utilisation et s\u00e9curit\u00e9 :<\/strong> Le m\u00e9canisme d&rsquo;ouverture et de fermeture en douceur facilite l&rsquo;utilisation. Des dispositifs de s\u00e9curit\u00e9 suppl\u00e9mentaires en option permettent de prot\u00e9ger votre maison et vos proches.<\/p>\n<p><strong>Facilit\u00e9 d&rsquo;entretien et de nettoyage :<\/strong> Les portes en PVC n\u00e9cessitent peu d&rsquo;entretien et sont faciles \u00e0 nettoyer. Il r\u00e9siste \u00e0 la d\u00e9coloration ou \u00e0 l&rsquo;usure dans le temps.<\/p>\n","protected":false},"excerpt":{"rendered":"<p>Premium Osmanl\u0131 PVC Door Collection &#8211; La durabilit\u00e9 et l&rsquo;esth\u00e9tique r\u00e9unies Notre collection de portes PVC Premium, con\u00e7ue pour les maisons modernes, allie parfaitement durabilit\u00e9, fonctionnalit\u00e9 et esth\u00e9tique. Con\u00e7ues dans une vari\u00e9t\u00e9 de styles pour r\u00e9pondre aux besoins de chaque maison, ces portes se distinguent par leur structure durable et facile \u00e0 entretenir. Caract\u00e9ristiques principales [&hellip;]<\/p>\n","protected":false},"featured_media":48519,"comment_status":"open","ping_status":"closed","template":"","meta":[],"product_cat":[212],"product_tag":[],"class_list":{"0":"post-58029","1":"product","2":"type-product","3":"status-publish","4":"has-post-thumbnail","6":"product_cat-porte-interieure","8":"first","9":"instock","10":"sale","11":"taxable","12":"shipping-taxable","13":"purchasable","14":"product-type-simple"},"_links":{"self":[{"href":"https:\/\/tpiexports.com\/fr\/wp-json\/wp\/v2\/product\/58029","targetHints":{"allow":["GET"]}}],"collection":[{"href":"https:\/\/tpiexports.com\/fr\/wp-json\/wp\/v2\/product"}],"about":[{"href":"https:\/\/tpiexports.com\/fr\/wp-json\/wp\/v2\/types\/product"}],"replies":[{"embeddable":true,"href":"https:\/\/tpiexports.com\/fr\/wp-json\/wp\/v2\/comments?post=58029"}],"version-history":[{"count":0,"href":"https:\/\/tpiexports.com\/fr\/wp-json\/wp\/v2\/product\/58029\/revisions"}],"wp:featuredmedia":[{"embeddable":true,"href":"https:\/\/tpiexports.com\/fr\/wp-json\/wp\/v2\/media\/48519"}],"wp:attachment":[{"href":"https:\/\/tpiexports.com\/fr\/wp-json\/wp\/v2\/media?parent=58029"}],"wp:term":[{"taxonomy":"product_cat","embeddable":true,"href":"https:\/\/tpiexports.com\/fr\/wp-json\/wp\/v2\/product_cat?post=58029"},{"taxonomy":"product_tag","embeddable":true,"href":"https:\/\/tpiexports.com\/fr\/wp-json\/wp\/v2\/product_tag?post=58029"}],"curies":[{"name":"wp","href":"https:\/\/api.w.org\/{rel}","templated":true}]}}