{"id":58031,"date":"2023-12-26T09:15:34","date_gmt":"2023-12-26T06:15:34","guid":{"rendered":"https:\/\/tpiexports.com\/product\/lena-plaque-de-wc-suspendu-sans-rebord\/"},"modified":"2024-05-22T17:00:27","modified_gmt":"2024-05-22T14:00:27","slug":"lena-plaque-de-wc-suspendu-sans-rebord","status":"publish","type":"product","link":"https:\/\/tpiexports.com\/fr\/produit\/lena-plaque-de-wc-suspendu-sans-rebord\/","title":{"rendered":"LENA Plaque de WC suspendu sans rebord"},"content":{"rendered":"<p>Ces toilettes sans rebord sont con\u00e7ues pour une exp\u00e9rience de salle de bains plus propre et plus hygi\u00e9nique. Son si\u00e8ge \u00e0 fermeture souple et sa chasse d&rsquo;eau de 4 litres assurent un fonctionnement silencieux et efficace.<\/p>\n","protected":false},"excerpt":{"rendered":"<p>LENA<\/p>\n","protected":false},"featured_media":48605,"comment_status":"open","ping_status":"closed","template":"","meta":[],"product_cat":[237],"product_tag":[],"class_list":{"0":"post-58031","1":"product","2":"type-product","3":"status-publish","4":"has-post-thumbnail","6":"product_cat-sanitaire","8":"first","9":"instock","10":"sale","11":"taxable","12":"shipping-taxable","13":"purchasable","14":"product-type-simple"},"_links":{"self":[{"href":"https:\/\/tpiexports.com\/fr\/wp-json\/wp\/v2\/product\/58031","targetHints":{"allow":["GET"]}}],"collection":[{"href":"https:\/\/tpiexports.com\/fr\/wp-json\/wp\/v2\/product"}],"about":[{"href":"https:\/\/tpiexports.com\/fr\/wp-json\/wp\/v2\/types\/product"}],"replies":[{"embeddable":true,"href":"https:\/\/tpiexports.com\/fr\/wp-json\/wp\/v2\/comments?post=58031"}],"version-history":[{"count":0,"href":"https:\/\/tpiexports.com\/fr\/wp-json\/wp\/v2\/product\/58031\/revisions"}],"wp:featuredmedia":[{"embeddable":true,"href":"https:\/\/tpiexports.com\/fr\/wp-json\/wp\/v2\/media\/48605"}],"wp:attachment":[{"href":"https:\/\/tpiexports.com\/fr\/wp-json\/wp\/v2\/media?parent=58031"}],"wp:term":[{"taxonomy":"product_cat","embeddable":true,"href":"https:\/\/tpiexports.com\/fr\/wp-json\/wp\/v2\/product_cat?post=58031"},{"taxonomy":"product_tag","embeddable":true,"href":"https:\/\/tpiexports.com\/fr\/wp-json\/wp\/v2\/product_tag?post=58031"}],"curies":[{"name":"wp","href":"https:\/\/api.w.org\/{rel}","templated":true}]}}