{"id":58054,"date":"2023-12-22T21:19:09","date_gmt":"2023-12-22T18:19:09","guid":{"rendered":"https:\/\/tpiexports.com\/product\/mitigeur-a-tete-longue\/"},"modified":"2024-05-22T17:01:09","modified_gmt":"2024-05-22T14:01:09","slug":"mitigeur-a-tete-longue","status":"publish","type":"product","link":"https:\/\/tpiexports.com\/fr\/produit\/mitigeur-a-tete-longue\/","title":{"rendered":"Mitigeur \u00e0 t\u00eate longue"},"content":{"rendered":"<p>robinet \u00e0 t\u00eate unique \/inox\/chrome\/laiton mat\u00e9riau.<\/p>\n<p>Mitigeur \u00e0 t\u00eate longue<\/p>\n","protected":false},"excerpt":{"rendered":"<p>robinet \u00e0 t\u00eate unique \/inox\/chrome\/laiton mat\u00e9riau. Mitigeur \u00e0 t\u00eate longue<\/p>\n","protected":false},"featured_media":48363,"comment_status":"open","ping_status":"closed","template":"","meta":[],"product_cat":[235],"product_tag":[],"class_list":{"0":"post-58054","1":"product","2":"type-product","3":"status-publish","4":"has-post-thumbnail","6":"product_cat-robinets-de-cuisine-et-devier","8":"first","9":"instock","10":"sale","11":"taxable","12":"shipping-taxable","13":"purchasable","14":"product-type-simple"},"_links":{"self":[{"href":"https:\/\/tpiexports.com\/fr\/wp-json\/wp\/v2\/product\/58054","targetHints":{"allow":["GET"]}}],"collection":[{"href":"https:\/\/tpiexports.com\/fr\/wp-json\/wp\/v2\/product"}],"about":[{"href":"https:\/\/tpiexports.com\/fr\/wp-json\/wp\/v2\/types\/product"}],"replies":[{"embeddable":true,"href":"https:\/\/tpiexports.com\/fr\/wp-json\/wp\/v2\/comments?post=58054"}],"version-history":[{"count":0,"href":"https:\/\/tpiexports.com\/fr\/wp-json\/wp\/v2\/product\/58054\/revisions"}],"wp:featuredmedia":[{"embeddable":true,"href":"https:\/\/tpiexports.com\/fr\/wp-json\/wp\/v2\/media\/48363"}],"wp:attachment":[{"href":"https:\/\/tpiexports.com\/fr\/wp-json\/wp\/v2\/media?parent=58054"}],"wp:term":[{"taxonomy":"product_cat","embeddable":true,"href":"https:\/\/tpiexports.com\/fr\/wp-json\/wp\/v2\/product_cat?post=58054"},{"taxonomy":"product_tag","embeddable":true,"href":"https:\/\/tpiexports.com\/fr\/wp-json\/wp\/v2\/product_tag?post=58054"}],"curies":[{"name":"wp","href":"https:\/\/api.w.org\/{rel}","templated":true}]}}