{"id":58059,"date":"2023-12-22T21:18:45","date_gmt":"2023-12-22T18:18:45","guid":{"rendered":"https:\/\/tpiexports.com\/product\/robinet-a-simple-tete\/"},"modified":"2024-05-22T17:01:13","modified_gmt":"2024-05-22T14:01:13","slug":"robinet-a-simple-tete","status":"publish","type":"product","link":"https:\/\/tpiexports.com\/fr\/produit\/robinet-a-simple-tete\/","title":{"rendered":"Robinet \u00e0 simple t\u00eate"},"content":{"rendered":"<p>robinet \u00e0 t\u00eate unique \/inox\/chrome\/laiton mat\u00e9riau.<\/p>\n","protected":false},"excerpt":{"rendered":"<p>robinet \u00e0 t\u00eate unique \/inox\/chrome\/laiton mat\u00e9riau.<\/p>\n","protected":false},"featured_media":48353,"comment_status":"open","ping_status":"closed","template":"","meta":[],"product_cat":[235],"product_tag":[],"class_list":{"0":"post-58059","1":"product","2":"type-product","3":"status-publish","4":"has-post-thumbnail","6":"product_cat-robinets-de-cuisine-et-devier","8":"first","9":"instock","10":"sale","11":"taxable","12":"shipping-taxable","13":"purchasable","14":"product-type-simple"},"_links":{"self":[{"href":"https:\/\/tpiexports.com\/fr\/wp-json\/wp\/v2\/product\/58059","targetHints":{"allow":["GET"]}}],"collection":[{"href":"https:\/\/tpiexports.com\/fr\/wp-json\/wp\/v2\/product"}],"about":[{"href":"https:\/\/tpiexports.com\/fr\/wp-json\/wp\/v2\/types\/product"}],"replies":[{"embeddable":true,"href":"https:\/\/tpiexports.com\/fr\/wp-json\/wp\/v2\/comments?post=58059"}],"version-history":[{"count":0,"href":"https:\/\/tpiexports.com\/fr\/wp-json\/wp\/v2\/product\/58059\/revisions"}],"wp:featuredmedia":[{"embeddable":true,"href":"https:\/\/tpiexports.com\/fr\/wp-json\/wp\/v2\/media\/48353"}],"wp:attachment":[{"href":"https:\/\/tpiexports.com\/fr\/wp-json\/wp\/v2\/media?parent=58059"}],"wp:term":[{"taxonomy":"product_cat","embeddable":true,"href":"https:\/\/tpiexports.com\/fr\/wp-json\/wp\/v2\/product_cat?post=58059"},{"taxonomy":"product_tag","embeddable":true,"href":"https:\/\/tpiexports.com\/fr\/wp-json\/wp\/v2\/product_tag?post=58059"}],"curies":[{"name":"wp","href":"https:\/\/api.w.org\/{rel}","templated":true}]}}