{"id":58075,"date":"2023-12-22T20:22:07","date_gmt":"2023-12-22T17:22:07","guid":{"rendered":"https:\/\/tpiexports.com\/product\/porte-exterieure-serie-ultralam-pierre-naturelle\/"},"modified":"2024-05-22T17:01:23","modified_gmt":"2024-05-22T14:01:23","slug":"porte-exterieure-serie-ultralam-pierre-naturelle","status":"publish","type":"product","link":"https:\/\/tpiexports.com\/fr\/produit\/porte-exterieure-serie-ultralam-pierre-naturelle\/","title":{"rendered":"Porte ext\u00e9rieure S\u00e9rie Ultralam &#8211; Pierre naturelle"},"content":{"rendered":"<p><strong>S\u00e9rie Ultralam<\/strong><\/p>\n<p>&nbsp;<\/p>\n<div id=\"main_content\">\n<div class=\"content_row default-style no-composer fullwidth no-sidebar\">\n<div class=\"content_row_wrapper clearfix \">\n<div class=\"col col-sm-12 col-xs-12 \">\n<div class=\"row border_grid fixed_heights single-products\">\n<div class=\"col col-sm-8 col-xs-12\">\n<div id=\"single-product-details\" class=\"rt_tabs clearfix tab-style-1\" data-tab-style=\"tab-style-1\">\n<div class=\"tab_contents\">\n<div id=\"tab-general-details\" class=\"tab_content_wrapper animation active\" data-tab-content=\"1\">\n<div class=\"tab_content\"><\/div>\n<\/div>\n<div id=\"tab-related-products\" class=\"tab_content_wrapper animation \" data-tab-content=\"2\">\n<p>&#8211; Ultralam<\/p>\n<p>&#8211; Une esth\u00e9tique de haut niveau<\/p>\n<p>&#8211; 1,2 mm dans les salons de coiffure<\/p>\n<p>&#8211; En bois 10mm<\/p>\n<p>&#8211; Libert\u00e9 avec la laine de roche<\/p>\n<p>&#8211; T\u00f4le enti\u00e8re \u00e0 l&rsquo;int\u00e9rieur de 0,5 mm<\/p>\n<p>&#8211; Serrures de la marque Kale<\/p>\n<p>&#8211; Serrure monobloc<\/p>\n<p>&#8211; Accessoires en acier inoxydable<\/p>\n<p>&#8211; Coffre-fort intelligent<\/p>\n<p>Pierre naturelle<\/p>\n<p>110&#215;210 &amp; 135&#215;210<\/p>\n<\/div>\n<\/div>\n<\/div>\n<\/div>\n<\/div>\n<\/div>\n<\/div>\n<\/div>\n<\/div>\n<footer id=\"footer\" class=\"clearfix footer\" data-footer=\"\">\n<section class=\"footer_widgets content_row row clearfix footer border_grid fixed_heights footer_contents fullwidth\">\n<div class=\"content_row_wrapper default clearfix\">\n<div id=\"footer-column-1\" class=\"col col-xs-12 col-sm-4 widgets_holder\">\n<div id=\"text-2\" class=\"footer_widget widget widget_text\"><\/div>\n<\/div>\n<\/div>\n<\/section>\n<\/footer>\n","protected":false},"excerpt":{"rendered":"<p>S\u00e9rie Ultralam &nbsp; &#8211; Ultralam &#8211; Une esth\u00e9tique de haut niveau &#8211; 1,2 mm dans les salons de coiffure &#8211; En bois 10mm &#8211; Libert\u00e9 avec la laine de roche &#8211; T\u00f4le enti\u00e8re \u00e0 l&rsquo;int\u00e9rieur de 0,5 mm &#8211; Serrures de la marque Kale &#8211; Serrure monobloc &#8211; Accessoires en acier inoxydable &#8211; Coffre-fort intelligent [&hellip;]<\/p>\n","protected":false},"featured_media":48351,"comment_status":"open","ping_status":"closed","template":"","meta":[],"product_cat":[241],"product_tag":[],"class_list":{"0":"post-58075","1":"product","2":"type-product","3":"status-publish","4":"has-post-thumbnail","6":"product_cat-porte-exterieure-en-acier","8":"first","9":"instock","10":"sale","11":"taxable","12":"shipping-taxable","13":"purchasable","14":"product-type-simple"},"_links":{"self":[{"href":"https:\/\/tpiexports.com\/fr\/wp-json\/wp\/v2\/product\/58075","targetHints":{"allow":["GET"]}}],"collection":[{"href":"https:\/\/tpiexports.com\/fr\/wp-json\/wp\/v2\/product"}],"about":[{"href":"https:\/\/tpiexports.com\/fr\/wp-json\/wp\/v2\/types\/product"}],"replies":[{"embeddable":true,"href":"https:\/\/tpiexports.com\/fr\/wp-json\/wp\/v2\/comments?post=58075"}],"version-history":[{"count":0,"href":"https:\/\/tpiexports.com\/fr\/wp-json\/wp\/v2\/product\/58075\/revisions"}],"wp:featuredmedia":[{"embeddable":true,"href":"https:\/\/tpiexports.com\/fr\/wp-json\/wp\/v2\/media\/48351"}],"wp:attachment":[{"href":"https:\/\/tpiexports.com\/fr\/wp-json\/wp\/v2\/media?parent=58075"}],"wp:term":[{"taxonomy":"product_cat","embeddable":true,"href":"https:\/\/tpiexports.com\/fr\/wp-json\/wp\/v2\/product_cat?post=58075"},{"taxonomy":"product_tag","embeddable":true,"href":"https:\/\/tpiexports.com\/fr\/wp-json\/wp\/v2\/product_tag?post=58075"}],"curies":[{"name":"wp","href":"https:\/\/api.w.org\/{rel}","templated":true}]}}