{"id":58100,"date":"2023-12-23T09:06:41","date_gmt":"2023-12-23T06:06:41","guid":{"rendered":"https:\/\/tpiexports.com\/product\/meuble-de-salle-de-bain-lavabo-miroir-stole80\/"},"modified":"2024-05-30T13:17:50","modified_gmt":"2024-05-30T10:17:50","slug":"meuble-de-salle-de-bain-lavabo-miroir-stole80","status":"publish","type":"product","link":"https:\/\/tpiexports.com\/fr\/produit\/meuble-de-salle-de-bain-lavabo-miroir-stole80\/","title":{"rendered":"Meuble de salle de bain + Lavabo + Miroir -Stole80"},"content":{"rendered":"<ul>\n<li>Corps : M\u00e9lamin\u00e9 sur MDF<\/li>\n<li>Tiroir\/Porte : Rev\u00eatement thermoform\u00e9 sur MDF, deux portes avec syst\u00e8me soft-close \u00e9vier en c\u00e9ramique<\/li>\n<li>Miroir : Miroir d&rsquo;armoire<\/li>\n<\/ul>\n","protected":false},"excerpt":{"rendered":"<p>vol\u00e980<\/p>\n<p>&nbsp;<\/p>\n","protected":false},"featured_media":48437,"comment_status":"open","ping_status":"closed","template":"","meta":[],"product_cat":[304,243],"product_tag":[],"class_list":{"0":"post-58100","1":"product","2":"type-product","3":"status-publish","4":"has-post-thumbnail","6":"product_cat-meubles-de-salle-de-bains","7":"product_cat-non-classe","9":"first","10":"instock","11":"sale","12":"taxable","13":"shipping-taxable","14":"purchasable","15":"product-type-simple"},"_links":{"self":[{"href":"https:\/\/tpiexports.com\/fr\/wp-json\/wp\/v2\/product\/58100","targetHints":{"allow":["GET"]}}],"collection":[{"href":"https:\/\/tpiexports.com\/fr\/wp-json\/wp\/v2\/product"}],"about":[{"href":"https:\/\/tpiexports.com\/fr\/wp-json\/wp\/v2\/types\/product"}],"replies":[{"embeddable":true,"href":"https:\/\/tpiexports.com\/fr\/wp-json\/wp\/v2\/comments?post=58100"}],"version-history":[{"count":0,"href":"https:\/\/tpiexports.com\/fr\/wp-json\/wp\/v2\/product\/58100\/revisions"}],"wp:featuredmedia":[{"embeddable":true,"href":"https:\/\/tpiexports.com\/fr\/wp-json\/wp\/v2\/media\/48437"}],"wp:attachment":[{"href":"https:\/\/tpiexports.com\/fr\/wp-json\/wp\/v2\/media?parent=58100"}],"wp:term":[{"taxonomy":"product_cat","embeddable":true,"href":"https:\/\/tpiexports.com\/fr\/wp-json\/wp\/v2\/product_cat?post=58100"},{"taxonomy":"product_tag","embeddable":true,"href":"https:\/\/tpiexports.com\/fr\/wp-json\/wp\/v2\/product_tag?post=58100"}],"curies":[{"name":"wp","href":"https:\/\/api.w.org\/{rel}","templated":true}]}}