{"id":58107,"date":"2023-12-22T20:02:33","date_gmt":"2023-12-22T17:02:33","guid":{"rendered":"https:\/\/tpiexports.com\/product\/porte-exterieure-saruhan-blanc\/"},"modified":"2024-05-22T17:01:22","modified_gmt":"2024-05-22T14:01:22","slug":"porte-exterieure-saruhan-blanc","status":"publish","type":"product","link":"https:\/\/tpiexports.com\/fr\/produit\/porte-exterieure-saruhan-blanc\/","title":{"rendered":"Porte ext\u00e9rieure SARUHAN-Blanc"},"content":{"rendered":"<p><strong>Porte ext\u00e9rieure SARUHAN-Blanc<\/strong><\/p>\n<p>&nbsp;<\/p>\n<ul>\n<li>Une esth\u00e9tique de haut niveau<\/li>\n<li>\u00c9paisseur des cheveux : 1,2 mm<\/li>\n<li>Epaisseur du bois 10mm<\/li>\n<li>Isolation avec de la laine de roche<\/li>\n<li>Poils entiers \u00e0 l&rsquo;int\u00e9rieur de 0,5 mm<\/li>\n<li>Serrures de la marque Kale<\/li>\n<li>serrure monobloc<\/li>\n<li>Accessoires en acier inoxydable<\/li>\n<li>Coffre-fort intelligent<\/li>\n<li>110&#215;210 &amp; 135&#215;210 (Dimensions personnalisables) Veuillez nous contacter pour les dimensions personnalis\u00e9es !<\/li>\n<\/ul>\n<p><strong> <\/strong><\/p>\n","protected":false},"excerpt":{"rendered":"<p>Porte ext\u00e9rieure SARUHAN-Blanc &nbsp; Une esth\u00e9tique de haut niveau \u00c9paisseur des cheveux : 1,2 mm Epaisseur du bois 10mm Isolation avec de la laine de roche Poils entiers \u00e0 l&rsquo;int\u00e9rieur de 0,5 mm Serrures de la marque Kale serrure monobloc Accessoires en acier inoxydable Coffre-fort intelligent 110&#215;210 &amp; 135&#215;210 (Dimensions personnalisables) Veuillez nous contacter pour [&hellip;]<\/p>\n","protected":false},"featured_media":48335,"comment_status":"open","ping_status":"closed","template":"","meta":[],"product_cat":[241],"product_tag":[],"class_list":{"0":"post-58107","1":"product","2":"type-product","3":"status-publish","4":"has-post-thumbnail","6":"product_cat-porte-exterieure-en-acier","8":"first","9":"instock","10":"sale","11":"taxable","12":"shipping-taxable","13":"purchasable","14":"product-type-simple"},"_links":{"self":[{"href":"https:\/\/tpiexports.com\/fr\/wp-json\/wp\/v2\/product\/58107","targetHints":{"allow":["GET"]}}],"collection":[{"href":"https:\/\/tpiexports.com\/fr\/wp-json\/wp\/v2\/product"}],"about":[{"href":"https:\/\/tpiexports.com\/fr\/wp-json\/wp\/v2\/types\/product"}],"replies":[{"embeddable":true,"href":"https:\/\/tpiexports.com\/fr\/wp-json\/wp\/v2\/comments?post=58107"}],"version-history":[{"count":0,"href":"https:\/\/tpiexports.com\/fr\/wp-json\/wp\/v2\/product\/58107\/revisions"}],"wp:featuredmedia":[{"embeddable":true,"href":"https:\/\/tpiexports.com\/fr\/wp-json\/wp\/v2\/media\/48335"}],"wp:attachment":[{"href":"https:\/\/tpiexports.com\/fr\/wp-json\/wp\/v2\/media?parent=58107"}],"wp:term":[{"taxonomy":"product_cat","embeddable":true,"href":"https:\/\/tpiexports.com\/fr\/wp-json\/wp\/v2\/product_cat?post=58107"},{"taxonomy":"product_tag","embeddable":true,"href":"https:\/\/tpiexports.com\/fr\/wp-json\/wp\/v2\/product_tag?post=58107"}],"curies":[{"name":"wp","href":"https:\/\/api.w.org\/{rel}","templated":true}]}}