{"id":58114,"date":"2023-12-22T19:59:51","date_gmt":"2023-12-22T16:59:51","guid":{"rendered":"https:\/\/tpiexports.com\/product\/porte-exterieure-hazar-noir\/"},"modified":"2023-12-22T19:59:51","modified_gmt":"2023-12-22T16:59:51","slug":"porte-exterieure-hazar-noir","status":"publish","type":"product","link":"https:\/\/tpiexports.com\/fr\/produit\/porte-exterieure-hazar-noir\/","title":{"rendered":"Porte ext\u00e9rieure HAZAR-noir"},"content":{"rendered":"<p><strong>Porte ext\u00e9rieure HAZAR-noir<\/strong><\/p>\n<ul>\n<li>Une esth\u00e9tique de haut niveau<\/li>\n<li>\u00c9paisseur des cheveux : 1,2 mm<\/li>\n<li>Epaisseur du bois 10mm<\/li>\n<li>Isolation avec de la laine de roche<\/li>\n<li>Poils entiers \u00e0 l&rsquo;int\u00e9rieur de 0,5 mm<\/li>\n<li>Serrures de la marque Kale<\/li>\n<li>serrure monobloc<\/li>\n<li>Accessoires en acier inoxydable<\/li>\n<li>Coffre-fort intelligent<\/li>\n<li>110&#215;210 &amp; 135&#215;210 (Dimensions personnalisables) Veuillez nous contacter pour les dimensions personnalis\u00e9es !<\/li>\n<\/ul>\n","protected":false},"excerpt":{"rendered":"<p>Porte ext\u00e9rieure HAZAR-noir Une esth\u00e9tique de haut niveau \u00c9paisseur des cheveux : 1,2 mm Epaisseur du bois 10mm Isolation avec de la laine de roche Poils entiers \u00e0 l&rsquo;int\u00e9rieur de 0,5 mm Serrures de la marque Kale serrure monobloc Accessoires en acier inoxydable Coffre-fort intelligent 110&#215;210 &amp; 135&#215;210 (Dimensions personnalisables) Veuillez nous contacter pour les [&hellip;]<\/p>\n","protected":false},"featured_media":48333,"comment_status":"open","ping_status":"closed","template":"","meta":[],"product_cat":[241],"product_tag":[],"class_list":{"0":"post-58114","1":"product","2":"type-product","3":"status-publish","4":"has-post-thumbnail","6":"product_cat-porte-exterieure-en-acier","8":"first","9":"instock","10":"sale","11":"taxable","12":"shipping-taxable","13":"purchasable","14":"product-type-simple"},"_links":{"self":[{"href":"https:\/\/tpiexports.com\/fr\/wp-json\/wp\/v2\/product\/58114","targetHints":{"allow":["GET"]}}],"collection":[{"href":"https:\/\/tpiexports.com\/fr\/wp-json\/wp\/v2\/product"}],"about":[{"href":"https:\/\/tpiexports.com\/fr\/wp-json\/wp\/v2\/types\/product"}],"replies":[{"embeddable":true,"href":"https:\/\/tpiexports.com\/fr\/wp-json\/wp\/v2\/comments?post=58114"}],"version-history":[{"count":0,"href":"https:\/\/tpiexports.com\/fr\/wp-json\/wp\/v2\/product\/58114\/revisions"}],"wp:featuredmedia":[{"embeddable":true,"href":"https:\/\/tpiexports.com\/fr\/wp-json\/wp\/v2\/media\/48333"}],"wp:attachment":[{"href":"https:\/\/tpiexports.com\/fr\/wp-json\/wp\/v2\/media?parent=58114"}],"wp:term":[{"taxonomy":"product_cat","embeddable":true,"href":"https:\/\/tpiexports.com\/fr\/wp-json\/wp\/v2\/product_cat?post=58114"},{"taxonomy":"product_tag","embeddable":true,"href":"https:\/\/tpiexports.com\/fr\/wp-json\/wp\/v2\/product_tag?post=58114"}],"curies":[{"name":"wp","href":"https:\/\/api.w.org\/{rel}","templated":true}]}}